{"id":424,"date":"2023-05-17T13:26:06","date_gmt":"2023-05-17T12:26:06","guid":{"rendered":"https:\/\/www.cheval-liberte.com\/adria\/?page_id=424"},"modified":"2024-11-07T12:50:00","modified_gmt":"2024-11-07T12:50:00","slug":"debon-pwo-1500-lux-kiper-prikolica","status":"publish","type":"page","link":"https:\/\/www.cheval-liberte.com\/adria\/prikolice_in_kiperji\/debon-kiper-prikolice\/debon-pwo-1500-lux-kiper-prikolica\/","title":{"rendered":"Debon PWO 1500 LUX kiper prikolica"},"content":{"rendered":"\t\t<div data-elementor-type=\"wp-page\" data-elementor-id=\"424\" class=\"elementor elementor-424\" data-elementor-post-type=\"page\">\n\t\t\t\t\t\t<section class=\"elementor-section elementor-top-section elementor-element elementor-element-79d0c87f elementor-section-height-min-height elementor-section-items-stretch elementor-section-content-middle elementor-section-boxed elementor-section-height-default\" data-id=\"79d0c87f\" data-element_type=\"section\" data-settings=\"{&quot;background_background&quot;:&quot;classic&quot;}\">\n\t\t\t\t\t\t\t<div class=\"elementor-background-overlay\"><\/div>\n\t\t\t\t\t\t\t<div class=\"elementor-container elementor-column-gap-default\">\n\t\t\t\t\t<div class=\"elementor-column elementor-col-100 elementor-top-column elementor-element elementor-element-79253c31\" data-id=\"79253c31\" data-element_type=\"column\">\n\t\t\t<div class=\"elementor-widget-wrap elementor-element-populated\">\n\t\t\t\t\t\t<div class=\"elementor-element elementor-element-530189a3 elementor-widget elementor-widget-heading\" data-id=\"530189a3\" data-element_type=\"widget\" data-widget_type=\"heading.default\">\n\t\t\t\t<div class=\"elementor-widget-container\">\n\t\t\t<h2 class=\"elementor-heading-title elementor-size-default\">Debon<\/h2>\t\t<\/div>\n\t\t\t\t<\/div>\n\t\t\t\t<div class=\"elementor-element elementor-element-3a23ea5e elementor-widget elementor-widget-heading\" data-id=\"3a23ea5e\" data-element_type=\"widget\" data-widget_type=\"heading.default\">\n\t\t\t\t<div class=\"elementor-widget-container\">\n\t\t\t<h1 class=\"elementor-heading-title elementor-size-default\">Kiper prikolica PWO <\/h1>\t\t<\/div>\n\t\t\t\t<\/div>\n\t\t\t\t<div class=\"elementor-element elementor-element-c059cc9 elementor-widget elementor-widget-heading\" data-id=\"c059cc9\" data-element_type=\"widget\" data-widget_type=\"heading.default\">\n\t\t\t\t<div class=\"elementor-widget-container\">\n\t\t\t<h3 class=\"elementor-heading-title elementor-size-default\">\u017de od 2.938,00 \u20ac<\/h3>\t\t<\/div>\n\t\t\t\t<\/div>\n\t\t\t\t\t<\/div>\n\t\t<\/div>\n\t\t\t\t\t<\/div>\n\t\t<\/section>\n\t\t\t\t<section class=\"elementor-section elementor-top-section elementor-element elementor-element-50480db3 elementor-section-boxed elementor-section-height-default elementor-section-height-default\" data-id=\"50480db3\" data-element_type=\"section\">\n\t\t\t\t\t\t<div class=\"elementor-container elementor-column-gap-default\">\n\t\t\t\t\t<div class=\"elementor-column elementor-col-50 elementor-top-column elementor-element elementor-element-50d7df0\" data-id=\"50d7df0\" data-element_type=\"column\">\n\t\t\t<div class=\"elementor-widget-wrap elementor-element-populated\">\n\t\t\t\t\t\t<div class=\"elementor-element elementor-element-5209dbb8 elementor-widget elementor-widget-spacer\" data-id=\"5209dbb8\" data-element_type=\"widget\" data-widget_type=\"spacer.default\">\n\t\t\t\t<div class=\"elementor-widget-container\">\n\t\t\t\t\t<div class=\"elementor-spacer\">\n\t\t\t<div class=\"elementor-spacer-inner\"><\/div>\n\t\t<\/div>\n\t\t\t\t<\/div>\n\t\t\t\t<\/div>\n\t\t\t\t<div class=\"elementor-element elementor-element-5a3e577d elementor-widget elementor-widget-text-editor\" data-id=\"5a3e577d\" data-element_type=\"widget\" data-widget_type=\"text-editor.default\">\n\t\t\t\t<div class=\"elementor-widget-container\">\n\t\t\t\t\t\t\t<p>To je najmanj\u0161a in edina enoosna prikolica v na\u0161i ponudbi. Lahka, a robustna in vsestranska prikolica je izdelana iz kakovostnih materialov, ki zagotavljajo dolgo \u017eivljenjsko dobo. Ta enoosna prikolica, ki so jo oblikovali strokovnjaki za varnost, prilagodljivost in enostavno uporabo, je idealna re\u0161itev za \u0161tevilne namene, vklju\u010dno z gradbeni\u0161tvom, urejanjem okolice in kmetijstvom.<\/p><p>Na voljo v razli\u010dnih modelih:<\/p><ul><li>PW0 ECO1300; Ro\u010dna \u010drpalka z dvojnim delovanjem<\/li><li>PW0 LUX1300; Elektro-hidravlika z baterijo, za\u0161\u010ditna jeklena plo\u0161\u010da, H-okvir in rinke za privez (4x)<\/li><li>PW0 ECO1500; Ro\u010dna pumpa z dvojnim delovanjem<\/li><li>PW0 LUX1500; Elektro-hidravlika z baterijo, za\u0161\u010ditna jeklena plo\u0161\u010da, H-okvir in rinke za privez (4x)<\/li><\/ul>\t\t\t\t\t\t<\/div>\n\t\t\t\t<\/div>\n\t\t\t\t<div class=\"elementor-element elementor-element-4e83df6 elementor-arrows-position-inside elementor-pagination-position-outside elementor-widget elementor-widget-image-carousel\" data-id=\"4e83df6\" data-element_type=\"widget\" data-settings=\"{&quot;slides_to_show&quot;:&quot;3&quot;,&quot;lazyload&quot;:&quot;yes&quot;,&quot;image_spacing_custom&quot;:{&quot;unit&quot;:&quot;px&quot;,&quot;size&quot;:38,&quot;sizes&quot;:[]},&quot;navigation&quot;:&quot;both&quot;,&quot;autoplay&quot;:&quot;yes&quot;,&quot;pause_on_hover&quot;:&quot;yes&quot;,&quot;pause_on_interaction&quot;:&quot;yes&quot;,&quot;autoplay_speed&quot;:5000,&quot;infinite&quot;:&quot;yes&quot;,&quot;speed&quot;:500,&quot;image_spacing_custom_tablet&quot;:{&quot;unit&quot;:&quot;px&quot;,&quot;size&quot;:&quot;&quot;,&quot;sizes&quot;:[]},&quot;image_spacing_custom_mobile&quot;:{&quot;unit&quot;:&quot;px&quot;,&quot;size&quot;:&quot;&quot;,&quot;sizes&quot;:[]}}\" data-widget_type=\"image-carousel.default\">\n\t\t\t\t<div class=\"elementor-widget-container\">\n\t\t\t\t\t<div class=\"elementor-image-carousel-wrapper swiper\" dir=\"ltr\">\n\t\t\t<div class=\"elementor-image-carousel swiper-wrapper\" aria-live=\"off\">\n\t\t\t\t\t\t\t\t<div class=\"swiper-slide\" role=\"group\" aria-roledescription=\"slide\" aria-label=\"1 of 3\"><a data-elementor-open-lightbox=\"yes\" data-elementor-lightbox-slideshow=\"4e83df6\" data-e-action-hash=\"#elementor-action%3Aaction%3Dlightbox%26settings%3DeyJpZCI6NDMwLCJ1cmwiOiJodHRwczpcL1wvd3d3LmNoZXZhbC1saWJlcnRlLmNvbVwvYWRyaWFcL3dwLWNvbnRlbnRcL3VwbG9hZHNcLzIwMjNcLzA1XC9QVzAtUHJlLTMtcXVhcnQtYXZhbnQtZHJvaXQuanBnIiwic2xpZGVzaG93IjoiNGU4M2RmNiJ9\" href=\"https:\/\/www.cheval-liberte.com\/adria\/wp-content\/uploads\/2023\/05\/PW0-Pre-3-quart-avant-droit.jpg\"><figure class=\"swiper-slide-inner\"><img class=\"swiper-slide-image swiper-lazy\" data-src=\"https:\/\/www.cheval-liberte.com\/adria\/wp-content\/uploads\/2023\/05\/PW0-Pre-3-quart-avant-droit-768x432.jpg\" alt=\"PW0-Pre-3-quart-avant-droit\" \/><div class=\"swiper-lazy-preloader\"><\/div><\/figure><\/a><\/div><div class=\"swiper-slide\" role=\"group\" aria-roledescription=\"slide\" aria-label=\"2 of 3\"><a data-elementor-open-lightbox=\"yes\" data-elementor-lightbox-slideshow=\"4e83df6\" data-e-action-hash=\"#elementor-action%3Aaction%3Dlightbox%26settings%3DeyJpZCI6NDMxLCJ1cmwiOiJodHRwczpcL1wvd3d3LmNoZXZhbC1saWJlcnRlLmNvbVwvYWRyaWFcL3dwLWNvbnRlbnRcL3VwbG9hZHNcLzIwMjNcLzA1XC9QVzAtUHJlLWF2YW50LWdhdWNoZS5qcGciLCJzbGlkZXNob3ciOiI0ZTgzZGY2In0%3D\" href=\"https:\/\/www.cheval-liberte.com\/adria\/wp-content\/uploads\/2023\/05\/PW0-Pre-avant-gauche.jpg\"><figure class=\"swiper-slide-inner\"><img class=\"swiper-slide-image swiper-lazy\" data-src=\"https:\/\/www.cheval-liberte.com\/adria\/wp-content\/uploads\/2023\/05\/PW0-Pre-avant-gauche-768x432.jpg\" alt=\"PW0-Pre-avant-gauche\" \/><div class=\"swiper-lazy-preloader\"><\/div><\/figure><\/a><\/div><div class=\"swiper-slide\" role=\"group\" aria-roledescription=\"slide\" aria-label=\"3 of 3\"><a data-elementor-open-lightbox=\"yes\" data-elementor-lightbox-slideshow=\"4e83df6\" data-e-action-hash=\"#elementor-action%3Aaction%3Dlightbox%26settings%3DeyJpZCI6NDMyLCJ1cmwiOiJodHRwczpcL1wvd3d3LmNoZXZhbC1saWJlcnRlLmNvbVwvYWRyaWFcL3dwLWNvbnRlbnRcL3VwbG9hZHNcLzIwMjNcLzA1XC9QVzAtUHJlLUJlbm5lLWxldmVlLTMtcXVhcnQtYXZhbnQtZHJvaXQuanBnIiwic2xpZGVzaG93IjoiNGU4M2RmNiJ9\" href=\"https:\/\/www.cheval-liberte.com\/adria\/wp-content\/uploads\/2023\/05\/PW0-Pre-Benne-levee-3-quart-avant-droit.jpg\"><figure class=\"swiper-slide-inner\"><img class=\"swiper-slide-image swiper-lazy\" data-src=\"https:\/\/www.cheval-liberte.com\/adria\/wp-content\/uploads\/2023\/05\/PW0-Pre-Benne-levee-3-quart-avant-droit-768x432.jpg\" alt=\"PW0-Pre-Benne-levee-3-quart-avant-droit\" \/><div class=\"swiper-lazy-preloader\"><\/div><\/figure><\/a><\/div>\t\t\t<\/div>\n\t\t\t\t\t\t\t\t\t\t\t\t<div class=\"elementor-swiper-button elementor-swiper-button-prev\" role=\"button\" tabindex=\"0\">\n\t\t\t\t\t\t<i aria-hidden=\"true\" class=\"eicon-chevron-left\"><\/i>\t\t\t\t\t<\/div>\n\t\t\t\t\t<div class=\"elementor-swiper-button elementor-swiper-button-next\" role=\"button\" tabindex=\"0\">\n\t\t\t\t\t\t<i aria-hidden=\"true\" class=\"eicon-chevron-right\"><\/i>\t\t\t\t\t<\/div>\n\t\t\t\t\n\t\t\t\t\t\t\t\t\t<div class=\"swiper-pagination\"><\/div>\n\t\t\t\t\t\t\t\t\t<\/div>\n\t\t\t\t<\/div>\n\t\t\t\t<\/div>\n\t\t\t\t<div class=\"elementor-element elementor-element-0c3b4a3 elementor-widget elementor-widget-elementskit-simple-tab\" data-id=\"0c3b4a3\" data-element_type=\"widget\" data-widget_type=\"elementskit-simple-tab.default\">\n\t\t\t\t<div class=\"elementor-widget-container\">\n\t\t\t<div class=\"ekit-wid-con\" >        <div class=\"elementkit-tab-wraper  \">\n            <ul class=\"nav nav-tabs elementkit-tab-nav  elementskit-fullwidth-tab\">\n                                    <li class=\"elementkit-nav-item elementor-repeater-item-cc39acd\">\n                        <a class=\"elementkit-nav-link  active show left-pos\" id=\"content-cc39acd69f15ef105053-tab\" data-ekit-handler-id=\"lastnosti\" data-ekit-toggle=\"tab\" data-target=\"#content-cc39acd69f15ef105053\" href=\"#Content-cc39acd69f15ef105053\"\n                            data-ekit-toggle-trigger=\"click\"\n                            aria-describedby=\"Content-cc39acd69f15ef105053\">\n                                                        <span class=\"elementskit-tab-title\"> Lastnosti<\/span>\n                        <\/a>\n                    <\/li>\n                                        <li class=\"elementkit-nav-item elementor-repeater-item-b92bcf5\">\n                        <a class=\"elementkit-nav-link  left-pos\" id=\"content-b92bcf569f15ef105053-tab\" data-ekit-handler-id=\"dodatki\" data-ekit-toggle=\"tab\" data-target=\"#content-b92bcf569f15ef105053\" href=\"#Content-b92bcf569f15ef105053\"\n                            data-ekit-toggle-trigger=\"click\"\n                            aria-describedby=\"Content-b92bcf569f15ef105053\">\n                                                        <span class=\"elementskit-tab-title\"> Dodatki<\/span>\n                        <\/a>\n                    <\/li>\n                                        <li class=\"elementkit-nav-item elementor-repeater-item-411a35b\">\n                        <a class=\"elementkit-nav-link  left-pos\" id=\"content-411a35b69f15ef105053-tab\" data-ekit-handler-id=\"specifikacije\" data-ekit-toggle=\"tab\" data-target=\"#content-411a35b69f15ef105053\" href=\"#Content-411a35b69f15ef105053\"\n                            data-ekit-toggle-trigger=\"click\"\n                            aria-describedby=\"Content-411a35b69f15ef105053\">\n                                                        <span class=\"elementskit-tab-title\"> Specifikacije<\/span>\n                        <\/a>\n                    <\/li>\n                                        <li class=\"elementkit-nav-item elementor-repeater-item-0b70c19\">\n                        <a class=\"elementkit-nav-link  left-pos\" id=\"content-0b70c1969f15ef105053-tab\" data-ekit-handler-id=\"dimenzije\" data-ekit-toggle=\"tab\" data-target=\"#content-0b70c1969f15ef105053\" href=\"#Content-0b70c1969f15ef105053\"\n                            data-ekit-toggle-trigger=\"click\"\n                            aria-describedby=\"Content-0b70c1969f15ef105053\">\n                                                        <span class=\"elementskit-tab-title\"> Dimenzije<\/span>\n                        <\/a>\n                    <\/li>\n                                <\/ul>\n\n            <div class=\"tab-content elementkit-tab-content\">\n                                    <div class=\"tab-pane elementkit-tab-pane elementor-repeater-item-cc39acd  active show\" id=\"content-cc39acd69f15ef105053\" role=\"tabpanel\"\n                         aria-labelledby=\"content-cc39acd69f15ef105053-tab\">\n                        <div class=\"animated fadeIn\">\n                            <ul><li>Vro\u010de pocinkana \u0161asija<\/li><li>Tla iz vezanega lesa z za\u0161\u010dito iz pocinkane jeklene plo\u0161\u010de<\/li><li>Odstranljive aluminijaste stranice (300 mm)<\/li><li>Visokozmogljivo avtomatsko Jockey kolesce<\/li><li>Vgrajene sprednje in zadnje lu\u010di<\/li><li>Elektrohidravli\u010dna \u010drpalka z baterijo in pokrovom za baterijo (pri modelu LUX)<\/li><li>Ro\u010dna \u010drpalka z dvojnim delovanjem (pri modelu ECO)<\/li><li>Enosmerno nagibanje kesona (nazaj)<\/li><li>H-okvir (pri modelu LUX)<\/li><li>6 veznih obro\u010dev (pri modelu LUX)<\/li><\/ul>                        <\/div>\n                    <\/div>\n                                    <div class=\"tab-pane elementkit-tab-pane elementor-repeater-item-b92bcf5 \" id=\"content-b92bcf569f15ef105053\" role=\"tabpanel\"\n                         aria-labelledby=\"content-b92bcf569f15ef105053-tab\">\n                        <div class=\"animated fadeIn\">\n                            <ul><li>Ravna prevleka<\/li><li>Dodaten H okvir<\/li><li>Stranice-mre\u017ea 600mm<\/li><li>Dodatne Alu stranice 350mm<\/li><li>Rezervno kolo + nosilec<\/li><li>Rezervna ro\u010dna \u010drpalka za dvig kasona<\/li><li>Podporne noge<\/li><li>Kolesni amortizerji (name\u0161\u010deni)<\/li><li>Rinka za privez\u00a0<\/li><\/ul>                        <\/div>\n                    <\/div>\n                                    <div class=\"tab-pane elementkit-tab-pane elementor-repeater-item-411a35b \" id=\"content-411a35b69f15ef105053\" role=\"tabpanel\"\n                         aria-labelledby=\"content-411a35b69f15ef105053-tab\">\n                        <div class=\"animated fadeIn\">\n                            <table class=\"table table-bordered\"><tbody><tr><td>\u0160tevilo osi<\/td><td>1<\/td><\/tr><tr><td>Zunanje dimenzije<\/td><td><p>3800x1600x1000mm\u00a0 ali<\/p><p>3800x1600x1600mm (vklju\u010den H okvir)<\/p><\/td><\/tr><tr><td>Notranje dimenzije<\/td><td>2500x1600x300mm<\/td><\/tr><tr><td>Te\u017ea prazne prikolice\u00a0<\/td><td>375\/455kg<\/td><\/tr><tr><td>NDM<\/td><td>1000\/1500kg<\/td><\/tr><tr><td>Velikost koles<\/td><td>185\/70R13<\/td><\/tr><\/tbody><\/table>                        <\/div>\n                    <\/div>\n                                    <div class=\"tab-pane elementkit-tab-pane elementor-repeater-item-0b70c19 \" id=\"content-0b70c1969f15ef105053\" role=\"tabpanel\"\n                         aria-labelledby=\"content-0b70c1969f15ef105053-tab\">\n                        <div class=\"animated fadeIn\">\n                            <p><img fetchpriority=\"high\" decoding=\"async\" class=\"alignnone size-medium wp-image-2186\" src=\"https:\/\/www.cheval-liberte.com\/adria\/wp-content\/uploads\/2024\/07\/PW0-295x300.png\" alt=\"\" width=\"295\" height=\"300\" srcset=\"https:\/\/www.cheval-liberte.com\/adria\/wp-content\/uploads\/2024\/07\/PW0-295x300.png 295w, https:\/\/www.cheval-liberte.com\/adria\/wp-content\/uploads\/2024\/07\/PW0.png 372w\" sizes=\"(max-width: 295px) 100vw, 295px\" \/><\/p>                        <\/div>\n                    <\/div>\n                                \n            <\/div>\n                    <\/div>\n    <\/div>\t\t<\/div>\n\t\t\t\t<\/div>\n\t\t\t\t\t<\/div>\n\t\t<\/div>\n\t\t\t\t<div class=\"elementor-column elementor-col-50 elementor-top-column elementor-element elementor-element-48fc7cbd\" data-id=\"48fc7cbd\" data-element_type=\"column\">\n\t\t\t<div class=\"elementor-widget-wrap elementor-element-populated\">\n\t\t\t\t\t\t<section class=\"elementor-section elementor-inner-section elementor-element elementor-element-782ab90b elementor-section-boxed elementor-section-height-default elementor-section-height-default\" data-id=\"782ab90b\" data-element_type=\"section\">\n\t\t\t\t\t\t<div class=\"elementor-container elementor-column-gap-default\">\n\t\t\t\t\t<div class=\"elementor-column elementor-col-100 elementor-inner-column elementor-element elementor-element-35ab7bb\" data-id=\"35ab7bb\" data-element_type=\"column\" data-settings=\"{&quot;background_background&quot;:&quot;classic&quot;}\">\n\t\t\t<div class=\"elementor-widget-wrap elementor-element-populated\">\n\t\t\t\t\t\t<div class=\"elementor-element elementor-element-60232361 elementor-widget elementor-widget-heading\" data-id=\"60232361\" data-element_type=\"widget\" data-widget_type=\"heading.default\">\n\t\t\t\t<div class=\"elementor-widget-container\">\n\t\t\t<h4 class=\"elementor-heading-title elementor-size-default\">Cenik<\/h4>\t\t<\/div>\n\t\t\t\t<\/div>\n\t\t\t\t<div class=\"elementor-element elementor-element-17832260 elementor-widget-divider--view-line elementor-widget elementor-widget-divider\" data-id=\"17832260\" data-element_type=\"widget\" data-widget_type=\"divider.default\">\n\t\t\t\t<div class=\"elementor-widget-container\">\n\t\t\t\t\t<div class=\"elementor-divider\">\n\t\t\t<span class=\"elementor-divider-separator\">\n\t\t\t\t\t\t<\/span>\n\t\t<\/div>\n\t\t\t\t<\/div>\n\t\t\t\t<\/div>\n\t\t\t\t<div class=\"elementor-element elementor-element-bc25861 elementor-widget elementor-widget-price-list\" data-id=\"bc25861\" data-element_type=\"widget\" data-widget_type=\"price-list.default\">\n\t\t\t\t<div class=\"elementor-widget-container\">\n\t\t\t\n\t\t<ul class=\"elementor-price-list\">\n\n\t\t\t\t\t\t\t\t\t<li><a class=\"elementor-price-list-item\" href=\"#\">\t\t\t\t\n\t\t\t\t<div class=\"elementor-price-list-text\">\n\t\t\t\t\t\t\t\t\t<div class=\"elementor-price-list-header\">\n\t\t\t\t\t\t\t\t\t\t\t<span class=\"elementor-price-list-title\">\n\t\t\t\t\t\t\tCena\t\t\t\t\t\t<\/span>\n\t\t\t\t\t\t\t\t\t\t\t\t\t\t\t\t\t\t<span class=\"elementor-price-list-separator\"><\/span>\n\t\t\t\t\t\t\t\t\t\t\t\t\t\t\t\t\t\t\t<span class=\"elementor-price-list-price\">od 2.938,00 \u20ac<\/span>\n\t\t\t\t\t\t\t\t\t\t<\/div>\n\t\t\t\t\t\t\t\t\t\t\t\t<\/div>\n\t\t\t\t<\/a><\/li>\t\t\t\t\t\n\t\t<\/ul>\n\n\t\t\t\t<\/div>\n\t\t\t\t<\/div>\n\t\t\t\t<div class=\"elementor-element elementor-element-0fef953 elementor-widget elementor-widget-heading\" data-id=\"0fef953\" data-element_type=\"widget\" data-widget_type=\"heading.default\">\n\t\t\t\t<div class=\"elementor-widget-container\">\n\t\t\t<span class=\"elementor-heading-title elementor-size-default\">Cene ne vsebuje DDV-ja.<\/span>\t\t<\/div>\n\t\t\t\t<\/div>\n\t\t\t\t\t<\/div>\n\t\t<\/div>\n\t\t\t\t\t<\/div>\n\t\t<\/section>\n\t\t\t\t<div class=\"elementor-element elementor-element-798809b5 elementor-widget elementor-widget-spacer\" data-id=\"798809b5\" data-element_type=\"widget\" data-widget_type=\"spacer.default\">\n\t\t\t\t<div class=\"elementor-widget-container\">\n\t\t\t\t\t<div class=\"elementor-spacer\">\n\t\t\t<div class=\"elementor-spacer-inner\"><\/div>\n\t\t<\/div>\n\t\t\t\t<\/div>\n\t\t\t\t<\/div>\n\t\t\t\t<section class=\"elementor-section elementor-inner-section elementor-element elementor-element-6dc7e71f elementor-section-boxed elementor-section-height-default elementor-section-height-default\" data-id=\"6dc7e71f\" data-element_type=\"section\">\n\t\t\t\t\t\t<div class=\"elementor-container elementor-column-gap-default\">\n\t\t\t\t\t<div class=\"elementor-column elementor-col-100 elementor-inner-column elementor-element elementor-element-28b488c3\" data-id=\"28b488c3\" data-element_type=\"column\" data-settings=\"{&quot;background_background&quot;:&quot;classic&quot;}\">\n\t\t\t<div class=\"elementor-widget-wrap elementor-element-populated\">\n\t\t\t\t\t<div class=\"elementor-background-overlay\"><\/div>\n\t\t\t\t\t\t<div class=\"elementor-element elementor-element-ccc4492 elementor-widget elementor-widget-global elementor-global-163 elementor-widget-heading\" data-id=\"ccc4492\" data-element_type=\"widget\" data-widget_type=\"heading.default\">\n\t\t\t\t<div class=\"elementor-widget-container\">\n\t\t\t<h3 class=\"elementor-heading-title elementor-size-default\">Pridobite ponudbo<\/h3>\t\t<\/div>\n\t\t\t\t<\/div>\n\t\t\t\t<div class=\"elementor-element elementor-element-94f6a0e elementor-widget elementor-widget-global elementor-global-166 elementor-widget-heading\" data-id=\"94f6a0e\" data-element_type=\"widget\" data-widget_type=\"heading.default\">\n\t\t\t\t<div class=\"elementor-widget-container\">\n\t\t\t<h3 class=\"elementor-heading-title elementor-size-default\">za va\u0161o novo prikolico!<\/h3>\t\t<\/div>\n\t\t\t\t<\/div>\n\t\t\t\t<div class=\"elementor-element elementor-element-8056729 elementor-align-left elementor-widget elementor-widget-global elementor-global-160 elementor-widget-button\" data-id=\"8056729\" data-element_type=\"widget\" data-widget_type=\"button.default\">\n\t\t\t\t<div class=\"elementor-widget-container\">\n\t\t\t\t\t\t\t<div class=\"elementor-button-wrapper\">\n\t\t\t\t\t<a class=\"elementor-button elementor-button-link elementor-size-lg\" href=\"https:\/\/www.cheval-liberte.com\/adria\/prikolice_in_kiperji\/kontakt\/\">\n\t\t\t\t\t\t<span class=\"elementor-button-content-wrapper\">\n\t\t\t\t\t\t<span class=\"elementor-button-icon\">\n\t\t\t\t<i aria-hidden=\"true\" class=\"icon icon-chevron-right\"><\/i>\t\t\t<\/span>\n\t\t\t\t\t\t\t\t\t<span class=\"elementor-button-text\">Pi\u0161ite nam<\/span>\n\t\t\t\t\t<\/span>\n\t\t\t\t\t<\/a>\n\t\t\t\t<\/div>\n\t\t\t\t\t\t<\/div>\n\t\t\t\t<\/div>\n\t\t\t\t\t<\/div>\n\t\t<\/div>\n\t\t\t\t\t<\/div>\n\t\t<\/section>\n\t\t\t\t<div class=\"elementor-element elementor-element-5e1ff7f7 elementor-widget elementor-widget-spacer\" data-id=\"5e1ff7f7\" data-element_type=\"widget\" data-widget_type=\"spacer.default\">\n\t\t\t\t<div class=\"elementor-widget-container\">\n\t\t\t\t\t<div class=\"elementor-spacer\">\n\t\t\t<div class=\"elementor-spacer-inner\"><\/div>\n\t\t<\/div>\n\t\t\t\t<\/div>\n\t\t\t\t<\/div>\n\t\t\t\t\t<\/div>\n\t\t<\/div>\n\t\t\t\t\t<\/div>\n\t\t<\/section>\n\t\t\t\t<\/div>\n\t\t","protected":false},"excerpt":{"rendered":"<p>Debon Kiper prikolica PWO \u017de od 2.938,00 \u20ac To je najmanj\u0161a in edina enoosna prikolica v na\u0161i ponudbi. Lahka, a robustna in vsestranska prikolica je izdelana iz kakovostnih materialov, ki zagotavljajo dolgo \u017eivljenjsko dobo. Ta enoosna prikolica, ki so jo oblikovali strokovnjaki za varnost, prilagodljivost in enostavno uporabo, je idealna re\u0161itev za \u0161tevilne namene, vklju\u010dno [&hellip;]<\/p>\n","protected":false},"author":3,"featured_media":0,"parent":422,"menu_order":0,"comment_status":"closed","ping_status":"closed","template":"elementor_header_footer","meta":{"site-sidebar-layout":"no-sidebar","site-content-layout":"page-builder","ast-site-content-layout":"","site-content-style":"default","site-sidebar-style":"default","ast-global-header-display":"","ast-banner-title-visibility":"","ast-main-header-display":"","ast-hfb-above-header-display":"","ast-hfb-below-header-display":"","ast-hfb-mobile-header-display":"","site-post-title":"disabled","ast-breadcrumbs-content":"","ast-featured-img":"disabled","footer-sml-layout":"","theme-transparent-header-meta":"default","adv-header-id-meta":"","stick-header-meta":"","header-above-stick-meta":"","header-main-stick-meta":"","header-below-stick-meta":"","astra-migrate-meta-layouts":"default","ast-page-background-enabled":"default","ast-page-background-meta":{"desktop":{"background-color":"var(--ast-global-color-4)","background-image":"","background-repeat":"repeat","background-position":"center center","background-size":"auto","background-attachment":"scroll","background-type":"","background-media":"","overlay-type":"","overlay-color":"","overlay-opacity":"","overlay-gradient":""},"tablet":{"background-color":"","background-image":"","background-repeat":"repeat","background-position":"center center","background-size":"auto","background-attachment":"scroll","background-type":"","background-media":"","overlay-type":"","overlay-color":"","overlay-opacity":"","overlay-gradient":""},"mobile":{"background-color":"","background-image":"","background-repeat":"repeat","background-position":"center center","background-size":"auto","background-attachment":"scroll","background-type":"","background-media":"","overlay-type":"","overlay-color":"","overlay-opacity":"","overlay-gradient":""}},"ast-content-background-meta":{"desktop":{"background-color":"var(--ast-global-color-5)","background-image":"","background-repeat":"repeat","background-position":"center center","background-size":"auto","background-attachment":"scroll","background-type":"","background-media":"","overlay-type":"","overlay-color":"","overlay-opacity":"","overlay-gradient":""},"tablet":{"background-color":"var(--ast-global-color-5)","background-image":"","background-repeat":"repeat","background-position":"center center","background-size":"auto","background-attachment":"scroll","background-type":"","background-media":"","overlay-type":"","overlay-color":"","overlay-opacity":"","overlay-gradient":""},"mobile":{"background-color":"var(--ast-global-color-5)","background-image":"","background-repeat":"repeat","background-position":"center center","background-size":"auto","background-attachment":"scroll","background-type":"","background-media":"","overlay-type":"","overlay-color":"","overlay-opacity":"","overlay-gradient":""}},"footnotes":""},"class_list":["post-424","page","type-page","status-publish","hentry"],"_links":{"self":[{"href":"https:\/\/www.cheval-liberte.com\/adria\/wp-json\/wp\/v2\/pages\/424","targetHints":{"allow":["GET"]}}],"collection":[{"href":"https:\/\/www.cheval-liberte.com\/adria\/wp-json\/wp\/v2\/pages"}],"about":[{"href":"https:\/\/www.cheval-liberte.com\/adria\/wp-json\/wp\/v2\/types\/page"}],"author":[{"embeddable":true,"href":"https:\/\/www.cheval-liberte.com\/adria\/wp-json\/wp\/v2\/users\/3"}],"replies":[{"embeddable":true,"href":"https:\/\/www.cheval-liberte.com\/adria\/wp-json\/wp\/v2\/comments?post=424"}],"version-history":[{"count":37,"href":"https:\/\/www.cheval-liberte.com\/adria\/wp-json\/wp\/v2\/pages\/424\/revisions"}],"predecessor-version":[{"id":3011,"href":"https:\/\/www.cheval-liberte.com\/adria\/wp-json\/wp\/v2\/pages\/424\/revisions\/3011"}],"up":[{"embeddable":true,"href":"https:\/\/www.cheval-liberte.com\/adria\/wp-json\/wp\/v2\/pages\/422"}],"wp:attachment":[{"href":"https:\/\/www.cheval-liberte.com\/adria\/wp-json\/wp\/v2\/media?parent=424"}],"curies":[{"name":"wp","href":"https:\/\/api.w.org\/{rel}","templated":true}]}}