{"id":422,"date":"2023-05-17T13:24:20","date_gmt":"2023-05-17T12:24:20","guid":{"rendered":"https:\/\/www.cheval-liberte.com\/adria\/?page_id=422"},"modified":"2024-11-07T12:45:08","modified_gmt":"2024-11-07T12:45:08","slug":"debon-kiper-prikolice","status":"publish","type":"page","link":"https:\/\/www.cheval-liberte.com\/adria\/prikolice_in_kiperji\/debon-kiper-prikolice\/","title":{"rendered":"Debon kiper prikolice"},"content":{"rendered":"\t\t<div data-elementor-type=\"wp-page\" data-elementor-id=\"422\" class=\"elementor elementor-422\" data-elementor-post-type=\"page\">\n\t\t\t\t\t\t<section class=\"elementor-section elementor-top-section elementor-element elementor-element-0672fd7 elementor-section-boxed elementor-section-height-default elementor-section-height-default\" data-id=\"0672fd7\" data-element_type=\"section\" data-settings=\"{&quot;background_background&quot;:&quot;classic&quot;}\">\n\t\t\t\t\t\t\t<div class=\"elementor-background-overlay\"><\/div>\n\t\t\t\t\t\t\t<div class=\"elementor-container elementor-column-gap-default\">\n\t\t\t\t\t<div class=\"elementor-column elementor-col-100 elementor-top-column elementor-element elementor-element-566b6c9\" data-id=\"566b6c9\" data-element_type=\"column\">\n\t\t\t<div class=\"elementor-widget-wrap elementor-element-populated\">\n\t\t\t\t\t\t<section class=\"elementor-section elementor-inner-section elementor-element elementor-element-fc7a7f5 elementor-section-boxed elementor-section-height-default elementor-section-height-default\" data-id=\"fc7a7f5\" data-element_type=\"section\">\n\t\t\t\t\t\t<div class=\"elementor-container elementor-column-gap-default\">\n\t\t\t\t\t<div class=\"elementor-column elementor-col-100 elementor-inner-column elementor-element elementor-element-9897846\" data-id=\"9897846\" data-element_type=\"column\">\n\t\t\t<div class=\"elementor-widget-wrap elementor-element-populated\">\n\t\t\t\t\t\t<div class=\"elementor-element elementor-element-29e7a69 elementor-widget elementor-widget-heading\" data-id=\"29e7a69\" data-element_type=\"widget\" data-widget_type=\"heading.default\">\n\t\t\t\t<div class=\"elementor-widget-container\">\n\t\t\t<h2 class=\"elementor-heading-title elementor-size-default\">Debon kiper prikolice<\/h2>\t\t<\/div>\n\t\t\t\t<\/div>\n\t\t\t\t<div class=\"elementor-element elementor-element-e093f0a elementor-widget elementor-widget-heading\" data-id=\"e093f0a\" data-element_type=\"widget\" data-widget_type=\"heading.default\">\n\t\t\t\t<div class=\"elementor-widget-container\">\n\t\t\t<h3 class=\"elementor-heading-title elementor-size-default\">Kvaliteta in ugodna cena<\/h3>\t\t<\/div>\n\t\t\t\t<\/div>\n\t\t\t\t<div class=\"elementor-element elementor-element-6fb0874 elementor-widget elementor-widget-text-editor\" data-id=\"6fb0874\" data-element_type=\"widget\" data-widget_type=\"text-editor.default\">\n\t\t\t\t<div class=\"elementor-widget-container\">\n\t\t\t\t\t\t\t<p>Vodilna serija kiper prikolic Debon je vsestranska, trpe\u017ena in zasnovana za visoko produktivnost. Serija Debon kiper prikolic vklju\u010duje modele z enoosnim in dvoosnim podvozjem, vse prekucnike pa odlikujejo odstranljive stranice, ki omogo\u010dajo enostavno nalaganje in razkladanje.<\/p>\t\t\t\t\t\t<\/div>\n\t\t\t\t<\/div>\n\t\t\t\t<div class=\"elementor-element elementor-element-c2d5c69 elementor-widget elementor-widget-spacer\" data-id=\"c2d5c69\" data-element_type=\"widget\" data-widget_type=\"spacer.default\">\n\t\t\t\t<div class=\"elementor-widget-container\">\n\t\t\t\t\t<div class=\"elementor-spacer\">\n\t\t\t<div class=\"elementor-spacer-inner\"><\/div>\n\t\t<\/div>\n\t\t\t\t<\/div>\n\t\t\t\t<\/div>\n\t\t\t\t\t<\/div>\n\t\t<\/div>\n\t\t\t\t\t<\/div>\n\t\t<\/section>\n\t\t\t\t<section class=\"elementor-section elementor-inner-section elementor-element elementor-element-6165399 elementor-section-boxed elementor-section-height-default elementor-section-height-default\" data-id=\"6165399\" data-element_type=\"section\">\n\t\t\t\t\t\t<div class=\"elementor-container elementor-column-gap-default\">\n\t\t\t\t\t<div class=\"elementor-column elementor-col-50 elementor-inner-column elementor-element elementor-element-3e74613\" data-id=\"3e74613\" data-element_type=\"column\">\n\t\t\t<div class=\"elementor-widget-wrap elementor-element-populated\">\n\t\t\t\t\t\t<div class=\"elementor-element elementor-element-d10f531 elementor-widget elementor-widget-image\" data-id=\"d10f531\" data-element_type=\"widget\" data-widget_type=\"image.default\">\n\t\t\t\t<div class=\"elementor-widget-container\">\n\t\t\t\t\t\t\t\t\t\t\t\t\t<img fetchpriority=\"high\" decoding=\"async\" width=\"1556\" height=\"875\" src=\"https:\/\/www.cheval-liberte.com\/adria\/wp-content\/uploads\/2023\/05\/PW1.2-Pre-avant-droite-1.jpg\" class=\"attachment-full size-full wp-image-447\" alt=\"\" srcset=\"https:\/\/www.cheval-liberte.com\/adria\/wp-content\/uploads\/2023\/05\/PW1.2-Pre-avant-droite-1.jpg 1556w, https:\/\/www.cheval-liberte.com\/adria\/wp-content\/uploads\/2023\/05\/PW1.2-Pre-avant-droite-1-300x169.jpg 300w, https:\/\/www.cheval-liberte.com\/adria\/wp-content\/uploads\/2023\/05\/PW1.2-Pre-avant-droite-1-1024x576.jpg 1024w, https:\/\/www.cheval-liberte.com\/adria\/wp-content\/uploads\/2023\/05\/PW1.2-Pre-avant-droite-1-768x432.jpg 768w, https:\/\/www.cheval-liberte.com\/adria\/wp-content\/uploads\/2023\/05\/PW1.2-Pre-avant-droite-1-1536x864.jpg 1536w\" sizes=\"(max-width: 1556px) 100vw, 1556px\" \/>\t\t\t\t\t\t\t\t\t\t\t\t\t<\/div>\n\t\t\t\t<\/div>\n\t\t\t\t<div class=\"elementor-element elementor-element-2374ef9 ekit-equal-height-disable elementor-widget elementor-widget-elementskit-icon-box\" data-id=\"2374ef9\" data-element_type=\"widget\" data-widget_type=\"elementskit-icon-box.default\">\n\t\t\t\t<div class=\"elementor-widget-container\">\n\t\t\t<div class=\"ekit-wid-con\" >        <!-- link opening -->\n                <!-- end link opening -->\n\n        <div class=\"elementskit-infobox text-left text-left icon-top-align elementor-animation-   \">\n                    <div class=\"elementskit-box-header elementor-animation-\">\n                <div class=\"elementskit-info-box-icon  \">\n                    \n                <\/div>\n          <\/div>\n                        <div class=\"box-body\">\n                            <h4 class=\"elementskit-info-box-title\">\n                    kiper prikolica                <\/h4>\n                        \t\t  <p>PW1.2 Rear<\/p>\n                                        <div class=\"box-footer disable_hover_button\">\n                    <div class=\"btn-wraper\">\n                                                            <a href=\"https:\/\/www.cheval-liberte.com\/adria\/prikolice_in_kiperji\/debon-kiper-prikolice\/debon-pw1-2-rear-kiper-prikolica\/\"  target=\"_self\" rel=\"\" class=\"elementskit-btn whitespace--normal elementor-animation-\">\n                                        VE\u010c O MODELU\n                                        <i aria-hidden=\"true\" class=\"icon icon-chevron-right\"><\/i>\n                                    <\/a>\n                                                        <\/div>\n                <\/div>\n                    <\/div>\n        \n        \n                <\/div>\n        <\/div>\t\t<\/div>\n\t\t\t\t<\/div>\n\t\t\t\t\t<\/div>\n\t\t<\/div>\n\t\t\t\t<div class=\"elementor-column elementor-col-50 elementor-inner-column elementor-element elementor-element-f787fa0\" data-id=\"f787fa0\" data-element_type=\"column\">\n\t\t\t<div class=\"elementor-widget-wrap elementor-element-populated\">\n\t\t\t\t\t\t<div class=\"elementor-element elementor-element-aee020f elementor-widget elementor-widget-image\" data-id=\"aee020f\" data-element_type=\"widget\" data-widget_type=\"image.default\">\n\t\t\t\t<div class=\"elementor-widget-container\">\n\t\t\t\t\t\t\t\t\t\t\t\t\t<img decoding=\"async\" width=\"1164\" height=\"931\" src=\"https:\/\/www.cheval-liberte.com\/adria\/wp-content\/uploads\/2023\/05\/330933260_1237036626888187_7005288302958834360_n.jpg\" class=\"attachment-full size-full wp-image-426\" alt=\"\" srcset=\"https:\/\/www.cheval-liberte.com\/adria\/wp-content\/uploads\/2023\/05\/330933260_1237036626888187_7005288302958834360_n.jpg 1164w, https:\/\/www.cheval-liberte.com\/adria\/wp-content\/uploads\/2023\/05\/330933260_1237036626888187_7005288302958834360_n-300x240.jpg 300w, https:\/\/www.cheval-liberte.com\/adria\/wp-content\/uploads\/2023\/05\/330933260_1237036626888187_7005288302958834360_n-1024x819.jpg 1024w, https:\/\/www.cheval-liberte.com\/adria\/wp-content\/uploads\/2023\/05\/330933260_1237036626888187_7005288302958834360_n-768x614.jpg 768w\" sizes=\"(max-width: 1164px) 100vw, 1164px\" \/>\t\t\t\t\t\t\t\t\t\t\t\t\t<\/div>\n\t\t\t\t<\/div>\n\t\t\t\t<div class=\"elementor-element elementor-element-dae98b0 ekit-equal-height-disable elementor-widget elementor-widget-elementskit-icon-box\" data-id=\"dae98b0\" data-element_type=\"widget\" data-widget_type=\"elementskit-icon-box.default\">\n\t\t\t\t<div class=\"elementor-widget-container\">\n\t\t\t<div class=\"ekit-wid-con\" >        <!-- link opening -->\n                <!-- end link opening -->\n\n        <div class=\"elementskit-infobox text-left text-left icon-top-align elementor-animation-   \">\n                    <div class=\"elementskit-box-header elementor-animation-\">\n                <div class=\"elementskit-info-box-icon  \">\n                    \n                <\/div>\n          <\/div>\n                        <div class=\"box-body\">\n                            <h6 class=\"elementskit-info-box-title\">\n                    Kiper prikolica                <\/h6>\n                        \t\t  <p>PWO 1500 LUX<\/p>\n                                        <div class=\"box-footer disable_hover_button\">\n                    <div class=\"btn-wraper\">\n                                                            <a href=\"https:\/\/www.cheval-liberte.com\/adria\/prikolice_in_kiperji\/debon-kiper-prikolice\/debon-pwo-1500-lux-kiper-prikolica\/\"  target=\"_self\" rel=\"\" class=\"elementskit-btn whitespace--normal elementor-animation-\">\n                                        VE\u010c O MODELU\n                                        <i aria-hidden=\"true\" class=\"icon icon-chevron-right\"><\/i>\n                                    <\/a>\n                                                        <\/div>\n                <\/div>\n                    <\/div>\n        \n        \n                <\/div>\n        <\/div>\t\t<\/div>\n\t\t\t\t<\/div>\n\t\t\t\t\t<\/div>\n\t\t<\/div>\n\t\t\t\t\t<\/div>\n\t\t<\/section>\n\t\t\t\t<div class=\"elementor-element elementor-element-7148bea elementor-hidden-tablet elementor-hidden-mobile elementor-widget elementor-widget-spacer\" data-id=\"7148bea\" data-element_type=\"widget\" data-widget_type=\"spacer.default\">\n\t\t\t\t<div class=\"elementor-widget-container\">\n\t\t\t\t\t<div class=\"elementor-spacer\">\n\t\t\t<div class=\"elementor-spacer-inner\"><\/div>\n\t\t<\/div>\n\t\t\t\t<\/div>\n\t\t\t\t<\/div>\n\t\t\t\t<section class=\"elementor-section elementor-inner-section elementor-element elementor-element-a98a8ae elementor-section-boxed elementor-section-height-default elementor-section-height-default\" data-id=\"a98a8ae\" data-element_type=\"section\">\n\t\t\t\t\t\t<div class=\"elementor-container elementor-column-gap-default\">\n\t\t\t\t\t<div class=\"elementor-column elementor-col-50 elementor-inner-column elementor-element elementor-element-7804013\" data-id=\"7804013\" data-element_type=\"column\">\n\t\t\t<div class=\"elementor-widget-wrap elementor-element-populated\">\n\t\t\t\t\t\t<div class=\"elementor-element elementor-element-6d87197 elementor-widget elementor-widget-image\" data-id=\"6d87197\" data-element_type=\"widget\" data-widget_type=\"image.default\">\n\t\t\t\t<div class=\"elementor-widget-container\">\n\t\t\t\t\t\t\t\t\t\t\t\t\t<img decoding=\"async\" width=\"1224\" height=\"815\" src=\"https:\/\/www.cheval-liberte.com\/adria\/wp-content\/uploads\/2023\/05\/20211117132857-c9fefc8a-xl.jpg\" class=\"attachment-full size-full wp-image-471\" alt=\"\" srcset=\"https:\/\/www.cheval-liberte.com\/adria\/wp-content\/uploads\/2023\/05\/20211117132857-c9fefc8a-xl.jpg 1224w, https:\/\/www.cheval-liberte.com\/adria\/wp-content\/uploads\/2023\/05\/20211117132857-c9fefc8a-xl-300x200.jpg 300w, https:\/\/www.cheval-liberte.com\/adria\/wp-content\/uploads\/2023\/05\/20211117132857-c9fefc8a-xl-1024x682.jpg 1024w, https:\/\/www.cheval-liberte.com\/adria\/wp-content\/uploads\/2023\/05\/20211117132857-c9fefc8a-xl-768x511.jpg 768w\" sizes=\"(max-width: 1224px) 100vw, 1224px\" \/>\t\t\t\t\t\t\t\t\t\t\t\t\t<\/div>\n\t\t\t\t<\/div>\n\t\t\t\t<div class=\"elementor-element elementor-element-aecc937 ekit-equal-height-disable elementor-widget elementor-widget-elementskit-icon-box\" data-id=\"aecc937\" data-element_type=\"widget\" data-widget_type=\"elementskit-icon-box.default\">\n\t\t\t\t<div class=\"elementor-widget-container\">\n\t\t\t<div class=\"ekit-wid-con\" >        <!-- link opening -->\n                <!-- end link opening -->\n\n        <div class=\"elementskit-infobox text-left text-left icon-top-align elementor-animation-   \">\n                    <div class=\"elementskit-box-header elementor-animation-\">\n                <div class=\"elementskit-info-box-icon  \">\n                    \n                <\/div>\n          <\/div>\n                        <div class=\"box-body\">\n                            <h4 class=\"elementskit-info-box-title\">\n                    kiper prikolica                <\/h4>\n                        \t\t  <p>PW3 3T5<\/p>\n                                        <div class=\"box-footer disable_hover_button\">\n                    <div class=\"btn-wraper\">\n                                                            <a href=\"https:\/\/www.cheval-liberte.com\/adria\/prikolice_in_kiperji\/debon-kiper-prikolice\/debon-pw3-3t5-kiper-prikolica\/\"  target=\"_self\" rel=\"\" class=\"elementskit-btn whitespace--normal elementor-animation-\">\n                                        VE\u010c O MODELU\n                                        <i aria-hidden=\"true\" class=\"icon icon-chevron-right\"><\/i>\n                                    <\/a>\n                                                        <\/div>\n                <\/div>\n                    <\/div>\n        \n        \n                <\/div>\n        <\/div>\t\t<\/div>\n\t\t\t\t<\/div>\n\t\t\t\t\t<\/div>\n\t\t<\/div>\n\t\t\t\t<div class=\"elementor-column elementor-col-50 elementor-inner-column elementor-element elementor-element-e677624\" data-id=\"e677624\" data-element_type=\"column\">\n\t\t\t<div class=\"elementor-widget-wrap elementor-element-populated\">\n\t\t\t\t\t\t<div class=\"elementor-element elementor-element-c2fca71 elementor-widget elementor-widget-image\" data-id=\"c2fca71\" data-element_type=\"widget\" data-widget_type=\"image.default\">\n\t\t\t\t<div class=\"elementor-widget-container\">\n\t\t\t\t\t\t\t\t\t\t\t\t\t<img loading=\"lazy\" decoding=\"async\" width=\"1556\" height=\"875\" src=\"https:\/\/www.cheval-liberte.com\/adria\/wp-content\/uploads\/2023\/05\/20220617092317-d2969eb1-xx-PW2.4.jpg\" class=\"attachment-full size-full wp-image-463\" alt=\"\" srcset=\"https:\/\/www.cheval-liberte.com\/adria\/wp-content\/uploads\/2023\/05\/20220617092317-d2969eb1-xx-PW2.4.jpg 1556w, https:\/\/www.cheval-liberte.com\/adria\/wp-content\/uploads\/2023\/05\/20220617092317-d2969eb1-xx-PW2.4-300x169.jpg 300w, https:\/\/www.cheval-liberte.com\/adria\/wp-content\/uploads\/2023\/05\/20220617092317-d2969eb1-xx-PW2.4-1024x576.jpg 1024w, https:\/\/www.cheval-liberte.com\/adria\/wp-content\/uploads\/2023\/05\/20220617092317-d2969eb1-xx-PW2.4-768x432.jpg 768w, https:\/\/www.cheval-liberte.com\/adria\/wp-content\/uploads\/2023\/05\/20220617092317-d2969eb1-xx-PW2.4-1536x864.jpg 1536w\" sizes=\"(max-width: 1556px) 100vw, 1556px\" \/>\t\t\t\t\t\t\t\t\t\t\t\t\t<\/div>\n\t\t\t\t<\/div>\n\t\t\t\t<div class=\"elementor-element elementor-element-772db2a ekit-equal-height-disable elementor-widget elementor-widget-elementskit-icon-box\" data-id=\"772db2a\" data-element_type=\"widget\" data-widget_type=\"elementskit-icon-box.default\">\n\t\t\t\t<div class=\"elementor-widget-container\">\n\t\t\t<div class=\"ekit-wid-con\" >        <!-- link opening -->\n                <!-- end link opening -->\n\n        <div class=\"elementskit-infobox text-left text-left icon-top-align elementor-animation-   \">\n                    <div class=\"elementskit-box-header elementor-animation-\">\n                <div class=\"elementskit-info-box-icon  \">\n                    \n                <\/div>\n          <\/div>\n                        <div class=\"box-body\">\n                            <h6 class=\"elementskit-info-box-title\">\n                    Kiper prikolica                <\/h6>\n                        \t\t  <p>PW2.4 Three Way<\/p>\n                                        <div class=\"box-footer disable_hover_button\">\n                    <div class=\"btn-wraper\">\n                                                            <a href=\"https:\/\/www.cheval-liberte.com\/adria\/prikolice_in_kiperji\/debon-kiper-prikolice\/debon-pw2-4-three-way-kiper-prikolica\/\"  target=\"_self\" rel=\"\" class=\"elementskit-btn whitespace--normal elementor-animation-\">\n                                        VE\u010c O MODELU\n                                        <i aria-hidden=\"true\" class=\"icon icon-chevron-right\"><\/i>\n                                    <\/a>\n                                                        <\/div>\n                <\/div>\n                    <\/div>\n        \n        \n                <\/div>\n        <\/div>\t\t<\/div>\n\t\t\t\t<\/div>\n\t\t\t\t\t<\/div>\n\t\t<\/div>\n\t\t\t\t\t<\/div>\n\t\t<\/section>\n\t\t\t\t<div class=\"elementor-element elementor-element-4d5d1ea elementor-hidden-tablet elementor-hidden-mobile elementor-widget elementor-widget-spacer\" data-id=\"4d5d1ea\" data-element_type=\"widget\" data-widget_type=\"spacer.default\">\n\t\t\t\t<div class=\"elementor-widget-container\">\n\t\t\t\t\t<div class=\"elementor-spacer\">\n\t\t\t<div class=\"elementor-spacer-inner\"><\/div>\n\t\t<\/div>\n\t\t\t\t<\/div>\n\t\t\t\t<\/div>\n\t\t\t\t<section class=\"elementor-section elementor-inner-section elementor-element elementor-element-ae82a6c elementor-section-boxed elementor-section-height-default elementor-section-height-default\" data-id=\"ae82a6c\" data-element_type=\"section\">\n\t\t\t\t\t\t<div class=\"elementor-container elementor-column-gap-default\">\n\t\t\t\t\t<div class=\"elementor-column elementor-col-50 elementor-inner-column elementor-element elementor-element-4e93d8e\" data-id=\"4e93d8e\" data-element_type=\"column\">\n\t\t\t<div class=\"elementor-widget-wrap\">\n\t\t\t\t\t\t\t<\/div>\n\t\t<\/div>\n\t\t\t\t<div class=\"elementor-column elementor-col-50 elementor-inner-column elementor-element elementor-element-bd80bba\" data-id=\"bd80bba\" data-element_type=\"column\">\n\t\t\t<div class=\"elementor-widget-wrap elementor-element-populated\">\n\t\t\t\t\t\t<div class=\"elementor-element elementor-element-75592f8 elementor-widget elementor-widget-image\" data-id=\"75592f8\" data-element_type=\"widget\" data-widget_type=\"image.default\">\n\t\t\t\t<div class=\"elementor-widget-container\">\n\t\t\t\t\t\t\t\t\t\t\t\t\t<img loading=\"lazy\" decoding=\"async\" width=\"1556\" height=\"875\" src=\"https:\/\/www.cheval-liberte.com\/adria\/wp-content\/uploads\/2023\/05\/PW3.6-Right-front.jpg\" class=\"attachment-full size-full wp-image-488\" alt=\"\" srcset=\"https:\/\/www.cheval-liberte.com\/adria\/wp-content\/uploads\/2023\/05\/PW3.6-Right-front.jpg 1556w, https:\/\/www.cheval-liberte.com\/adria\/wp-content\/uploads\/2023\/05\/PW3.6-Right-front-300x169.jpg 300w, https:\/\/www.cheval-liberte.com\/adria\/wp-content\/uploads\/2023\/05\/PW3.6-Right-front-1024x576.jpg 1024w, https:\/\/www.cheval-liberte.com\/adria\/wp-content\/uploads\/2023\/05\/PW3.6-Right-front-768x432.jpg 768w, https:\/\/www.cheval-liberte.com\/adria\/wp-content\/uploads\/2023\/05\/PW3.6-Right-front-1536x864.jpg 1536w\" sizes=\"(max-width: 1556px) 100vw, 1556px\" \/>\t\t\t\t\t\t\t\t\t\t\t\t\t<\/div>\n\t\t\t\t<\/div>\n\t\t\t\t<div class=\"elementor-element elementor-element-4a30b50 ekit-equal-height-disable elementor-widget elementor-widget-elementskit-icon-box\" data-id=\"4a30b50\" data-element_type=\"widget\" data-widget_type=\"elementskit-icon-box.default\">\n\t\t\t\t<div class=\"elementor-widget-container\">\n\t\t\t<div class=\"ekit-wid-con\" >        <!-- link opening -->\n                <!-- end link opening -->\n\n        <div class=\"elementskit-infobox text-left text-left icon-top-align elementor-animation-   \">\n                    <div class=\"elementskit-box-header elementor-animation-\">\n                <div class=\"elementskit-info-box-icon  \">\n                    \n                <\/div>\n          <\/div>\n                        <div class=\"box-body\">\n                            <h6 class=\"elementskit-info-box-title\">\n                    kiper prikolica                <\/h6>\n                        \t\t  <p>PW3.6 Tipper<\/p>\n                                        <div class=\"box-footer disable_hover_button\">\n                    <div class=\"btn-wraper\">\n                                                            <a href=\"https:\/\/www.cheval-liberte.com\/adria\/prikolice_in_kiperji\/debon-kiper-prikolice\/debon-pw3-6-kiper-prikolica\/\"  target=\"_self\" rel=\"\" class=\"elementskit-btn whitespace--normal elementor-animation-\">\n                                        VE\u010c O MODELU\n                                        <i aria-hidden=\"true\" class=\"icon icon-chevron-right\"><\/i>\n                                    <\/a>\n                                                        <\/div>\n                <\/div>\n                    <\/div>\n        \n        \n                <\/div>\n        <\/div>\t\t<\/div>\n\t\t\t\t<\/div>\n\t\t\t\t\t<\/div>\n\t\t<\/div>\n\t\t\t\t\t<\/div>\n\t\t<\/section>\n\t\t\t\t<div class=\"elementor-element elementor-element-2c4bb2b elementor-hidden-tablet elementor-hidden-mobile elementor-widget elementor-widget-spacer\" data-id=\"2c4bb2b\" data-element_type=\"widget\" data-widget_type=\"spacer.default\">\n\t\t\t\t<div class=\"elementor-widget-container\">\n\t\t\t\t\t<div class=\"elementor-spacer\">\n\t\t\t<div class=\"elementor-spacer-inner\"><\/div>\n\t\t<\/div>\n\t\t\t\t<\/div>\n\t\t\t\t<\/div>\n\t\t\t\t\t<\/div>\n\t\t<\/div>\n\t\t\t\t\t<\/div>\n\t\t<\/section>\n\t\t\t\t<\/div>\n\t\t","protected":false},"excerpt":{"rendered":"<p>Debon kiper prikolice Kvaliteta in ugodna cena Vodilna serija kiper prikolic Debon je vsestranska, trpe\u017ena in zasnovana za visoko produktivnost. Serija Debon kiper prikolic vklju\u010duje modele z enoosnim in dvoosnim podvozjem, vse prekucnike pa odlikujejo odstranljive stranice, ki omogo\u010dajo enostavno nalaganje in razkladanje. kiper prikolica PW1.2 Rear VE\u010c O MODELU Kiper prikolica PWO 1500 LUX [&hellip;]<\/p>\n","protected":false},"author":3,"featured_media":0,"parent":28,"menu_order":0,"comment_status":"closed","ping_status":"closed","template":"elementor_header_footer","meta":{"site-sidebar-layout":"no-sidebar","site-content-layout":"page-builder","ast-site-content-layout":"","site-content-style":"default","site-sidebar-style":"default","ast-global-header-display":"","ast-banner-title-visibility":"","ast-main-header-display":"","ast-hfb-above-header-display":"","ast-hfb-below-header-display":"","ast-hfb-mobile-header-display":"","site-post-title":"disabled","ast-breadcrumbs-content":"","ast-featured-img":"disabled","footer-sml-layout":"","theme-transparent-header-meta":"default","adv-header-id-meta":"","stick-header-meta":"","header-above-stick-meta":"","header-main-stick-meta":"","header-below-stick-meta":"","astra-migrate-meta-layouts":"default","ast-page-background-enabled":"default","ast-page-background-meta":{"desktop":{"background-color":"var(--ast-global-color-4)","background-image":"","background-repeat":"repeat","background-position":"center center","background-size":"auto","background-attachment":"scroll","background-type":"","background-media":"","overlay-type":"","overlay-color":"","overlay-opacity":"","overlay-gradient":""},"tablet":{"background-color":"","background-image":"","background-repeat":"repeat","background-position":"center center","background-size":"auto","background-attachment":"scroll","background-type":"","background-media":"","overlay-type":"","overlay-color":"","overlay-opacity":"","overlay-gradient":""},"mobile":{"background-color":"","background-image":"","background-repeat":"repeat","background-position":"center center","background-size":"auto","background-attachment":"scroll","background-type":"","background-media":"","overlay-type":"","overlay-color":"","overlay-opacity":"","overlay-gradient":""}},"ast-content-background-meta":{"desktop":{"background-color":"var(--ast-global-color-5)","background-image":"","background-repeat":"repeat","background-position":"center center","background-size":"auto","background-attachment":"scroll","background-type":"","background-media":"","overlay-type":"","overlay-color":"","overlay-opacity":"","overlay-gradient":""},"tablet":{"background-color":"var(--ast-global-color-5)","background-image":"","background-repeat":"repeat","background-position":"center center","background-size":"auto","background-attachment":"scroll","background-type":"","background-media":"","overlay-type":"","overlay-color":"","overlay-opacity":"","overlay-gradient":""},"mobile":{"background-color":"var(--ast-global-color-5)","background-image":"","background-repeat":"repeat","background-position":"center center","background-size":"auto","background-attachment":"scroll","background-type":"","background-media":"","overlay-type":"","overlay-color":"","overlay-opacity":"","overlay-gradient":""}},"footnotes":""},"class_list":["post-422","page","type-page","status-publish","hentry"],"_links":{"self":[{"href":"https:\/\/www.cheval-liberte.com\/adria\/wp-json\/wp\/v2\/pages\/422","targetHints":{"allow":["GET"]}}],"collection":[{"href":"https:\/\/www.cheval-liberte.com\/adria\/wp-json\/wp\/v2\/pages"}],"about":[{"href":"https:\/\/www.cheval-liberte.com\/adria\/wp-json\/wp\/v2\/types\/page"}],"author":[{"embeddable":true,"href":"https:\/\/www.cheval-liberte.com\/adria\/wp-json\/wp\/v2\/users\/3"}],"replies":[{"embeddable":true,"href":"https:\/\/www.cheval-liberte.com\/adria\/wp-json\/wp\/v2\/comments?post=422"}],"version-history":[{"count":10,"href":"https:\/\/www.cheval-liberte.com\/adria\/wp-json\/wp\/v2\/pages\/422\/revisions"}],"predecessor-version":[{"id":3002,"href":"https:\/\/www.cheval-liberte.com\/adria\/wp-json\/wp\/v2\/pages\/422\/revisions\/3002"}],"up":[{"embeddable":true,"href":"https:\/\/www.cheval-liberte.com\/adria\/wp-json\/wp\/v2\/pages\/28"}],"wp:attachment":[{"href":"https:\/\/www.cheval-liberte.com\/adria\/wp-json\/wp\/v2\/media?parent=422"}],"curies":[{"name":"wp","href":"https:\/\/api.w.org\/{rel}","templated":true}]}}