{"id":3381,"date":"2024-12-03T13:44:53","date_gmt":"2024-12-03T13:44:53","guid":{"rendered":"https:\/\/www.cheval-liberte.com\/adria\/?page_id=3381"},"modified":"2024-12-03T13:48:03","modified_gmt":"2024-12-03T13:48:03","slug":"splosni-pogoji","status":"publish","type":"page","link":"https:\/\/www.cheval-liberte.com\/adria\/splosni-pogoji\/","title":{"rendered":"Splo\u0161ni pogoji"},"content":{"rendered":"\t\t<div data-elementor-type=\"wp-page\" data-elementor-id=\"3381\" class=\"elementor elementor-3381\" data-elementor-post-type=\"page\">\n\t\t\t\t\t\t<section class=\"elementor-section elementor-top-section elementor-element elementor-element-4a73f3f elementor-section-height-min-height elementor-section-items-stretch elementor-section-content-middle elementor-section-boxed elementor-section-height-default\" data-id=\"4a73f3f\" data-element_type=\"section\" data-settings=\"{&quot;background_background&quot;:&quot;classic&quot;}\">\n\t\t\t\t\t\t\t<div class=\"elementor-background-overlay\"><\/div>\n\t\t\t\t\t\t\t<div class=\"elementor-container elementor-column-gap-default\">\n\t\t\t\t\t<div class=\"elementor-column elementor-col-50 elementor-top-column elementor-element elementor-element-13a5a16\" data-id=\"13a5a16\" data-element_type=\"column\">\n\t\t\t<div class=\"elementor-widget-wrap elementor-element-populated\">\n\t\t\t\t\t\t<div class=\"elementor-element elementor-element-439bde3 elementor-widget elementor-widget-heading\" data-id=\"439bde3\" data-element_type=\"widget\" data-widget_type=\"heading.default\">\n\t\t\t\t<div class=\"elementor-widget-container\">\n\t\t\t<h1 class=\"elementor-heading-title elementor-size-default\">Splo\u0161ni pogoji<\/h1>\t\t<\/div>\n\t\t\t\t<\/div>\n\t\t\t\t\t<\/div>\n\t\t<\/div>\n\t\t\t\t<div class=\"elementor-column elementor-col-50 elementor-top-column elementor-element elementor-element-52a2e5a elementor-hidden-tablet elementor-hidden-mobile\" data-id=\"52a2e5a\" data-element_type=\"column\">\n\t\t\t<div class=\"elementor-widget-wrap elementor-element-populated\">\n\t\t\t\t\t\t<div class=\"elementor-element elementor-element-68a8aff elementor-widget elementor-widget-elementskit-social-media\" data-id=\"68a8aff\" data-element_type=\"widget\" data-widget_type=\"elementskit-social-media.default\">\n\t\t\t\t<div class=\"elementor-widget-container\">\n\t\t\t<div class=\"ekit-wid-con\" >\t\t\t <ul class=\"ekit_social_media\">\n\t\t\t\t\t\t\t\t\t\t\t\t\t\t<li class=\"elementor-repeater-item-57996da\">\n\t\t\t\t\t    <a\n\t\t\t\t\t\thref=\"https:\/\/facebook.com\" aria-label=\"Facebook\" class=\"facebook\" >\n\t\t\t\t\t\t\t\t\t\t\t\t\t\t\n\t\t\t\t\t\t\t<i aria-hidden=\"true\" class=\"icon icon-facebook\"><\/i>\t\t\t\t\t\t\t\t\t\n                                                                                                            <\/a>\n                    <\/li>\n                    \t\t\t\t\t\t\t\t\t\t\t\t\t\t<li class=\"elementor-repeater-item-b4f2de2\">\n\t\t\t\t\t    <a\n\t\t\t\t\t\thref=\"https:\/\/facebook.com\" aria-label=\"Instagram\" class=\"instagram\" >\n\t\t\t\t\t\t\t\t\t\t\t\t\t\t\n\t\t\t\t\t\t\t<i aria-hidden=\"true\" class=\"fab fa-instagram\"><\/i>\t\t\t\t\t\t\t\t\t\n                                                                                                            <\/a>\n                    <\/li>\n                    \t\t\t\t\t\t\t\t\t\t\t\t\t\t<li class=\"elementor-repeater-item-f13d0ef\">\n\t\t\t\t\t    <a\n\t\t\t\t\t\thref=\"https:\/\/facebook.com\" aria-label=\"Twitter\" class=\"twitter\" >\n\t\t\t\t\t\t\t\t\t\t\t\t\t\t\n\t\t\t\t\t\t\t<i aria-hidden=\"true\" class=\"icon icon-twitter\"><\/i>\t\t\t\t\t\t\t\t\t\n                                                                                                            <\/a>\n                    <\/li>\n                    \t\t\t\t\t\t\t<\/ul>\n\t\t<\/div>\t\t<\/div>\n\t\t\t\t<\/div>\n\t\t\t\t\t<\/div>\n\t\t<\/div>\n\t\t\t\t\t<\/div>\n\t\t<\/section>\n\t\t<div class=\"elementor-element elementor-element-d8a8e09 e-flex e-con-boxed e-con e-parent\" data-id=\"d8a8e09\" data-element_type=\"container\">\n\t\t\t\t\t<div class=\"e-con-inner\">\n\t\t\t\t<div class=\"elementor-element elementor-element-3c6d4a1 elementor-widget elementor-widget-text-editor\" data-id=\"3c6d4a1\" data-element_type=\"widget\" data-widget_type=\"text-editor.default\">\n\t\t\t\t<div class=\"elementor-widget-container\">\n\t\t\t\t\t\t\t<p>Nahajate se na spletnem mestu Primus storitve d.o.o., Vrhpolje pri Kamniku 186, 1241 Kamnik, www. https:\/\/www.cheval-liberte.com\/adria. Va\u0161 dostop do tega spletnega mesta in njegovo uporabo urejajo ti splo\u0161ni pogoji. Z vstopom na spletno mesto potrjujete, da ste z njimi seznanjeni, da z njimi sogla\u0161ate ter da vas dolo\u010dbe teh splo\u0161nih pogojev zavezujejo. Primus storitve d.o.o. si pridr\u017euje pravico, da te splo\u0161ne pogoje brez obvestila spremeni ali dopolni.<\/p><p>Vse podatke in informacije, objavljene na spletnem mestu https:\/\/www.cheval-liberte.com\/adria, je treba pred uporabo obvezno preveriti pri na\u0161ih sodelavcih. Primus storitve d.o.o. pravilnosti in to\u010dnosti teh podatkov namenja veliko pozornosti in jih redno preverja ter a\u017eurira, ker pa se ti lahko spremenijo tudi v obdobju med dvema a\u017euriranjema, Primus storitve d.o.o. za njihovo a\u017eurnost in to\u010dnost ne prevzema nobene odgovornosti, prav tako pa ne daje nikakr\u0161nih garancij za celovitost ali pravilno interpretacijo posredovanih informacij. Enako velja tudi za vse druge spletne strani, ki so lahko dostopne preko hipertekstovnih povezav. Zveze s tovrstnimi stranmi vzpostavljate na lastno odgovornost, saj Primus storitve d.o.o. zanje odgovornosti ne prevzema.<\/p><p>Podatki na spletnem mestu so zgolj informativne narave, zato Primus storitve d.o.o. ne prevzema odgovornosti za morebitne napake v vsebini ter pravilnosti in to\u010dnosti objavljenih podatkov, do katerih je morebiti pri\u0161lo zaradi \u010dasovnih neusklajenosti, napak pri vnosu ali drugih nepredvidljivih vzrokov. Vsebine, ki so objavljene na tem spletnem mestu ali povezanih spletnih straneh, torej lahko vsebujejo neto\u010dnosti, tipkovne, slovni\u010dne ali tipografske napake. Primus storitve d.o.o. lastno odgovornost zanje izrecno izklju\u010duje.<\/p><p>Primus storitve d.o.o. spletnega mesta ni zavezan posodabljati, jih pa lahko kadar koli in brez predhodnega obvestila spremeni. Primus storitve d.o.o. si tako pridr\u017euje pravico do spreminjanja in dopolnjevanja vsebin.<\/p><p>To spletno mesto je intelektualna lastnina Primus storitve d.o.o.. Vse informacije, podatki, produkti in opisi storitev ter druga vsebina, vklju\u010dno z vsemi ra\u010dunalni\u0161kimi programi, ki so na voljo na spletnem mestu, so za\u0161\u010diteni z avtorskimi pravicami. Uporabniki jih ne smete spreminjati, kopirati, distribuirati, prena\u0161ati, prikazovati, objavljati, prodajati, licencirati, preoblikovati v izvedene produkte ali uporabljati za komercialne ali javne namene.<\/p><p>Slike oseb, predmetov, krajev in druge slike, prikazane na spletnem mestu, so last Primus storitve d.o.o. ali pa so objavljene z dovoljenjem lastnika. Kakr\u0161na koli uporaba teh slik brez pisnega dovoljenja lastnika je prepovedana in predstavlja kr\u0161itev avtorskih pravic ali drugih pravic intelektualne lastnine ali predpisov o varstvu osebnih podatkov.<\/p><p>Blagovne znamke, logotipi in storitvene znamke (za\u0161\u010ditni znaki), ki so prikazani na spletnem mestu, so last Primus storitve d.o.o. ali tretjih oseb. Uporabniki jih brez pisnega dovoljenja Primus storitve d.o.o. oziroma lastnika za\u0161\u010ditnih znakov ne smete uporabljati. Vloge z obrazlo\u017eitvijo namena uporabe podatkov s tega naslova po\u0161ljite na naslov:<\/p><p>Naziv podjetja: Primus storitve d.o.o.<br \/>Naslov: Vrhpolje pri Kamniku 186, 1241 Kamnik<br \/>Telefon: +386 40 984 220<br \/>Elektronski naslov: info@vprege-repnik.si<\/p><p>Primus storitve d.o.o. si pridr\u017euje pravico, da se v primeru kr\u0161enja teh splo\u0161nih pogojev poslu\u017ei vseh pravnih sredstev in pravic, vklju\u010dno s pravico do blokiranja dostopa do spletnega mesta z dolo\u010denega spletnega naslova.<\/p><p><strong>Namen zbiranja osebnih podatkov<\/strong><\/p><p>Upravljavec obdeluje osebne podatke uporabnikov za slede\u010de namene:<br \/>povpra\u0161evanje uporabnikov<\/p><p>Upravljavec lahko obdeluje slede\u010de osebne podatke uporabnikov:<br \/>ime in priimek<br \/>elektronski naslov<br \/>naslov stalnega ali za\u010dasnega prebivali\u0161\u010da<br \/>stacionarno in\/ali mobilno \u0161tevilko<\/p><p><strong>Osebna privolitev uporabnika<\/strong><\/p><p>Upravljavec zagotavlja mo\u017enost osebne privolitve uporabnika, kjer je to potrebno, brez vnaprej izpolnjenega potrditvenega okenca. Osebna privolitev uporabnika je njegova prostovoljna izjava volje, da se lahko njegovi osebni podatki obdelujejo za dolo\u010den namen, in je dana na podlagi informacij, ki mu jih zagotavlja upravljavec s temi pravnimi pogoji.<\/p><p><strong>Neposredno tr\u017eenje<\/strong><\/p><p>Za namene neposrednega tr\u017eenja upravljavec ne uporablja nobenega osebnega podatka.<\/p><p><strong>Posredovanje osebnih podatkov tretjim osebam<\/strong><\/p><p>Upravljavec ne posreduje osebnih podatkov uporabnikov tretjim osebam.<\/p><p><strong>Shranjevanje osebnih podatkov<\/strong><\/p><p>Na spletni strani www.vprege-repnik.si se ne shranjujejo podatki uporabnika, ko po\u0161lje povpra\u0161evanje. Ti podatki se posredujejo direktno na elektronski naslov podjetja Primus storitve d.o.o. in se uporabljajo zgolj za komunikacijo uporabnikom.<\/p>\t\t\t\t\t\t<\/div>\n\t\t\t\t<\/div>\n\t\t\t\t\t<\/div>\n\t\t\t\t<\/div>\n\t\t\t\t<\/div>\n\t\t","protected":false},"excerpt":{"rendered":"<p>Splo\u0161ni pogoji Nahajate se na spletnem mestu Primus storitve d.o.o., Vrhpolje pri Kamniku 186, 1241 Kamnik, www. https:\/\/www.cheval-liberte.com\/adria. Va\u0161 dostop do tega spletnega mesta in njegovo uporabo urejajo ti splo\u0161ni pogoji. Z vstopom na spletno mesto potrjujete, da ste z njimi seznanjeni, da z njimi sogla\u0161ate ter da vas dolo\u010dbe teh splo\u0161nih pogojev zavezujejo. Primus [&hellip;]<\/p>\n","protected":false},"author":3,"featured_media":0,"parent":0,"menu_order":0,"comment_status":"closed","ping_status":"closed","template":"elementor_header_footer","meta":{"site-sidebar-layout":"no-sidebar","site-content-layout":"page-builder","ast-site-content-layout":"full-width-container","site-content-style":"default","site-sidebar-style":"default","ast-global-header-display":"","ast-banner-title-visibility":"","ast-main-header-display":"","ast-hfb-above-header-display":"","ast-hfb-below-header-display":"","ast-hfb-mobile-header-display":"","site-post-title":"disabled","ast-breadcrumbs-content":"","ast-featured-img":"disabled","footer-sml-layout":"","theme-transparent-header-meta":"default","adv-header-id-meta":"","stick-header-meta":"","header-above-stick-meta":"","header-main-stick-meta":"","header-below-stick-meta":"","astra-migrate-meta-layouts":"set","ast-page-background-enabled":"default","ast-page-background-meta":{"desktop":{"background-color":"var(--ast-global-color-4)","background-image":"","background-repeat":"repeat","background-position":"center center","background-size":"auto","background-attachment":"scroll","background-type":"","background-media":"","overlay-type":"","overlay-color":"","overlay-opacity":"","overlay-gradient":""},"tablet":{"background-color":"","background-image":"","background-repeat":"repeat","background-position":"center center","background-size":"auto","background-attachment":"scroll","background-type":"","background-media":"","overlay-type":"","overlay-color":"","overlay-opacity":"","overlay-gradient":""},"mobile":{"background-color":"","background-image":"","background-repeat":"repeat","background-position":"center center","background-size":"auto","background-attachment":"scroll","background-type":"","background-media":"","overlay-type":"","overlay-color":"","overlay-opacity":"","overlay-gradient":""}},"ast-content-background-meta":{"desktop":{"background-color":"var(--ast-global-color-5)","background-image":"","background-repeat":"repeat","background-position":"center center","background-size":"auto","background-attachment":"scroll","background-type":"","background-media":"","overlay-type":"","overlay-color":"","overlay-opacity":"","overlay-gradient":""},"tablet":{"background-color":"var(--ast-global-color-5)","background-image":"","background-repeat":"repeat","background-position":"center center","background-size":"auto","background-attachment":"scroll","background-type":"","background-media":"","overlay-type":"","overlay-color":"","overlay-opacity":"","overlay-gradient":""},"mobile":{"background-color":"var(--ast-global-color-5)","background-image":"","background-repeat":"repeat","background-position":"center center","background-size":"auto","background-attachment":"scroll","background-type":"","background-media":"","overlay-type":"","overlay-color":"","overlay-opacity":"","overlay-gradient":""}},"footnotes":""},"class_list":["post-3381","page","type-page","status-publish","hentry"],"_links":{"self":[{"href":"https:\/\/www.cheval-liberte.com\/adria\/wp-json\/wp\/v2\/pages\/3381","targetHints":{"allow":["GET"]}}],"collection":[{"href":"https:\/\/www.cheval-liberte.com\/adria\/wp-json\/wp\/v2\/pages"}],"about":[{"href":"https:\/\/www.cheval-liberte.com\/adria\/wp-json\/wp\/v2\/types\/page"}],"author":[{"embeddable":true,"href":"https:\/\/www.cheval-liberte.com\/adria\/wp-json\/wp\/v2\/users\/3"}],"replies":[{"embeddable":true,"href":"https:\/\/www.cheval-liberte.com\/adria\/wp-json\/wp\/v2\/comments?post=3381"}],"version-history":[{"count":4,"href":"https:\/\/www.cheval-liberte.com\/adria\/wp-json\/wp\/v2\/pages\/3381\/revisions"}],"predecessor-version":[{"id":3386,"href":"https:\/\/www.cheval-liberte.com\/adria\/wp-json\/wp\/v2\/pages\/3381\/revisions\/3386"}],"wp:attachment":[{"href":"https:\/\/www.cheval-liberte.com\/adria\/wp-json\/wp\/v2\/media?parent=3381"}],"curies":[{"name":"wp","href":"https:\/\/api.w.org\/{rel}","templated":true}]}}