{"id":3372,"date":"2024-12-02T14:42:45","date_gmt":"2024-12-02T14:42:45","guid":{"rendered":"https:\/\/www.cheval-liberte.com\/adria\/?page_id=3372"},"modified":"2024-12-04T13:58:09","modified_gmt":"2024-12-04T13:58:09","slug":"o-nas","status":"publish","type":"page","link":"https:\/\/www.cheval-liberte.com\/adria\/o-nas\/","title":{"rendered":"O nas"},"content":{"rendered":"\t\t<div data-elementor-type=\"wp-page\" data-elementor-id=\"3372\" class=\"elementor elementor-3372\" data-elementor-post-type=\"page\">\n\t\t\t\t\t\t<section class=\"elementor-section elementor-top-section elementor-element elementor-element-a50e51a elementor-section-height-min-height elementor-section-items-stretch elementor-section-content-middle elementor-section-boxed elementor-section-height-default\" data-id=\"a50e51a\" data-element_type=\"section\" data-settings=\"{&quot;background_background&quot;:&quot;classic&quot;}\">\n\t\t\t\t\t\t\t<div class=\"elementor-background-overlay\"><\/div>\n\t\t\t\t\t\t\t<div class=\"elementor-container elementor-column-gap-default\">\n\t\t\t\t\t<div class=\"elementor-column elementor-col-50 elementor-top-column elementor-element elementor-element-82b29ef\" data-id=\"82b29ef\" data-element_type=\"column\">\n\t\t\t<div class=\"elementor-widget-wrap elementor-element-populated\">\n\t\t\t\t\t\t<div class=\"elementor-element elementor-element-3518342 elementor-widget elementor-widget-heading\" data-id=\"3518342\" data-element_type=\"widget\" data-widget_type=\"heading.default\">\n\t\t\t\t<div class=\"elementor-widget-container\">\n\t\t\t<h1 class=\"elementor-heading-title elementor-size-default\">O nas<\/h1>\t\t<\/div>\n\t\t\t\t<\/div>\n\t\t\t\t\t<\/div>\n\t\t<\/div>\n\t\t\t\t<div class=\"elementor-column elementor-col-50 elementor-top-column elementor-element elementor-element-762ecad elementor-hidden-tablet elementor-hidden-mobile\" data-id=\"762ecad\" data-element_type=\"column\">\n\t\t\t<div class=\"elementor-widget-wrap elementor-element-populated\">\n\t\t\t\t\t\t<div class=\"elementor-element elementor-element-aea0a56 elementor-widget elementor-widget-elementskit-social-media\" data-id=\"aea0a56\" data-element_type=\"widget\" data-widget_type=\"elementskit-social-media.default\">\n\t\t\t\t<div class=\"elementor-widget-container\">\n\t\t\t<div class=\"ekit-wid-con\" >\t\t\t <ul class=\"ekit_social_media\">\n\t\t\t\t\t\t\t\t\t\t\t\t\t\t<li class=\"elementor-repeater-item-57996da\">\n\t\t\t\t\t    <a\n\t\t\t\t\t\thref=\"https:\/\/www.facebook.com\/RepnikShop\" aria-label=\"Facebook\" class=\"facebook\" >\n\t\t\t\t\t\t\t\t\t\t\t\t\t\t\n\t\t\t\t\t\t\t<i aria-hidden=\"true\" class=\"icon icon-facebook\"><\/i>\t\t\t\t\t\t\t\t\t\n                                                                                                            <\/a>\n                    <\/li>\n                    \t\t\t\t\t\t\t\t\t\t\t\t\t\t<li class=\"elementor-repeater-item-b4f2de2\">\n\t\t\t\t\t    <a\n\t\t\t\t\t\thref=\"https:\/\/www.instagram.com\/repnikshop\/\" aria-label=\"Instagram\" class=\"instagram\" >\n\t\t\t\t\t\t\t\t\t\t\t\t\t\t\n\t\t\t\t\t\t\t<i aria-hidden=\"true\" class=\"fab fa-instagram\"><\/i>\t\t\t\t\t\t\t\t\t\n                                                                                                            <\/a>\n                    <\/li>\n                    \t\t\t\t\t\t\t\t\t\t\t\t\t\t<li class=\"elementor-repeater-item-f13d0ef\">\n\t\t\t\t\t    <a\n\t\t\t\t\t\thref=\"https:\/\/www.tiktok.com\/@repnikshop\" aria-label=\"Twitter\" class=\"tiktok\" >\n\t\t\t\t\t\t\t\t\t\t\t\t\t\t\n\t\t\t\t\t\t\t<i aria-hidden=\"true\" class=\"fab fa-tiktok\"><\/i>\t\t\t\t\t\t\t\t\t\n                                                                                                            <\/a>\n                    <\/li>\n                    \t\t\t\t\t\t\t<\/ul>\n\t\t<\/div>\t\t<\/div>\n\t\t\t\t<\/div>\n\t\t\t\t\t<\/div>\n\t\t<\/div>\n\t\t\t\t\t<\/div>\n\t\t<\/section>\n\t\t\t\t<section class=\"elementor-section elementor-top-section elementor-element elementor-element-6ab9c90 elementor-reverse-mobile elementor-section-boxed elementor-section-height-default elementor-section-height-default\" data-id=\"6ab9c90\" data-element_type=\"section\">\n\t\t\t\t\t\t<div class=\"elementor-container elementor-column-gap-default\">\n\t\t\t\t\t<div class=\"elementor-column elementor-col-100 elementor-top-column elementor-element elementor-element-65e2b38\" data-id=\"65e2b38\" data-element_type=\"column\">\n\t\t\t<div class=\"elementor-widget-wrap elementor-element-populated\">\n\t\t\t\t\t\t<div class=\"elementor-element elementor-element-b116c0d elementor-widget elementor-widget-heading\" data-id=\"b116c0d\" data-element_type=\"widget\" data-widget_type=\"heading.default\">\n\t\t\t\t<div class=\"elementor-widget-container\">\n\t\t\t<h2 class=\"elementor-heading-title elementor-size-default\">Dobrodo\u0161li v svet<\/h2>\t\t<\/div>\n\t\t\t\t<\/div>\n\t\t\t\t<div class=\"elementor-element elementor-element-4727eb2 elementor-widget elementor-widget-heading\" data-id=\"4727eb2\" data-element_type=\"widget\" data-widget_type=\"heading.default\">\n\t\t\t\t<div class=\"elementor-widget-container\">\n\t\t\t<h3 class=\"elementor-heading-title elementor-size-default\">Cheval Liberte in Debon<\/h3>\t\t<\/div>\n\t\t\t\t<\/div>\n\t\t\t\t<div class=\"elementor-element elementor-element-db860a5 elementor-widget elementor-widget-text-editor\" data-id=\"db860a5\" data-element_type=\"widget\" data-widget_type=\"text-editor.default\">\n\t\t\t\t<div class=\"elementor-widget-container\">\n\t\t\t\t\t\t\t<p>Cheval Libert\u00e9 in Debon Slovenija sta priznana ponudnika visokokakovostnih prikolic za konje, tovornih prikolic, prekucnih prikolic in drugih prevoznih re\u0161itev na slovenskem trgu. Ponujata \u0161irok spekter izdelkov, ki so zasnovani tako za profesionalno kot tudi osebno rabo, pri \u010demer izstopajo po svoji trpe\u017enosti, varnosti in udobnosti.<\/p><p><strong>Cheval Libert\u00e9<\/strong> je specializiran za prikolice za konje, ki vklju\u010dujejo inovativne funkcije, kot je sistem vzmetenja Pullman 2, ki zagotavlja gladko in varno vo\u017enjo tako za voznika kot za konje. Poleg tega imajo prikolice Cheval Libert\u00e9 edinstvene funkcije, kot so teleskopske pregrade, drsna okna, oblazinjenje in prostorna sedlarnica, zaradi katerih so te prikolice med najbolj priljubljenimi izbiri za ljubitelje konj.<\/p><p><strong>Debon<\/strong> ponuja \u0161iroko paleto tovornih in prekucnih prikolic, ki so zasnovane za vsestransko rabo in vzdr\u017eljivost. Serija Debon vklju\u010duje modele z eno ali dvema osema, ter razli\u010dne vrste prikolic, kot so prekucne prikolice z elektri\u010dnim nagibom, enosmerne in trostranske prekucne prikolice ter \u0161katlaste prikolice z aerodinami\u010dno zasnovo. Debon prikolice so primerne za \u0161tevilne industrijske in kmetijske sektorje ter zagotavljajo visoko zmogljivost in preprosto vzdr\u017eevanje.<\/p><p>S prisotnostjo na slovenskem trgu sta Cheval Libert\u00e9 in Debon zanesljiva partnerja za vse, ki potrebujejo kakovostne in inovativne transportne re\u0161itve.<\/p>\t\t\t\t\t\t<\/div>\n\t\t\t\t<\/div>\n\t\t\t\t<div class=\"elementor-element elementor-element-854f607 elementor-widget elementor-widget-image\" data-id=\"854f607\" data-element_type=\"widget\" data-widget_type=\"image.default\">\n\t\t\t\t<div class=\"elementor-widget-container\">\n\t\t\t\t\t\t\t\t\t\t\t\t\t<img fetchpriority=\"high\" decoding=\"async\" width=\"1008\" height=\"735\" src=\"https:\/\/www.cheval-liberte.com\/adria\/wp-content\/uploads\/2024\/11\/20231023092751-f0db8605-la.jpg\" class=\"attachment-large size-large wp-image-3265\" alt=\"\" srcset=\"https:\/\/www.cheval-liberte.com\/adria\/wp-content\/uploads\/2024\/11\/20231023092751-f0db8605-la.jpg 1008w, https:\/\/www.cheval-liberte.com\/adria\/wp-content\/uploads\/2024\/11\/20231023092751-f0db8605-la-300x219.jpg 300w, https:\/\/www.cheval-liberte.com\/adria\/wp-content\/uploads\/2024\/11\/20231023092751-f0db8605-la-768x560.jpg 768w\" sizes=\"(max-width: 1008px) 100vw, 1008px\" \/>\t\t\t\t\t\t\t\t\t\t\t\t\t<\/div>\n\t\t\t\t<\/div>\n\t\t\t\t\t<\/div>\n\t\t<\/div>\n\t\t\t\t\t<\/div>\n\t\t<\/section>\n\t\t\t\t<\/div>\n\t\t","protected":false},"excerpt":{"rendered":"<p>O nas Dobrodo\u0161li v svet Cheval Liberte in Debon Cheval Libert\u00e9 in Debon Slovenija sta priznana ponudnika visokokakovostnih prikolic za konje, tovornih prikolic, prekucnih prikolic in drugih prevoznih re\u0161itev na slovenskem trgu. Ponujata \u0161irok spekter izdelkov, ki so zasnovani tako za profesionalno kot tudi osebno rabo, pri \u010demer izstopajo po svoji trpe\u017enosti, varnosti in udobnosti. [&hellip;]<\/p>\n","protected":false},"author":3,"featured_media":0,"parent":0,"menu_order":0,"comment_status":"closed","ping_status":"closed","template":"","meta":{"site-sidebar-layout":"no-sidebar","site-content-layout":"page-builder","ast-site-content-layout":"full-width-container","site-content-style":"default","site-sidebar-style":"default","ast-global-header-display":"","ast-banner-title-visibility":"","ast-main-header-display":"","ast-hfb-above-header-display":"","ast-hfb-below-header-display":"","ast-hfb-mobile-header-display":"","site-post-title":"disabled","ast-breadcrumbs-content":"","ast-featured-img":"disabled","footer-sml-layout":"","theme-transparent-header-meta":"","adv-header-id-meta":"","stick-header-meta":"","header-above-stick-meta":"","header-main-stick-meta":"","header-below-stick-meta":"","astra-migrate-meta-layouts":"default","ast-page-background-enabled":"default","ast-page-background-meta":{"desktop":{"background-color":"var(--ast-global-color-4)","background-image":"","background-repeat":"repeat","background-position":"center center","background-size":"auto","background-attachment":"scroll","background-type":"","background-media":"","overlay-type":"","overlay-color":"","overlay-opacity":"","overlay-gradient":""},"tablet":{"background-color":"","background-image":"","background-repeat":"repeat","background-position":"center center","background-size":"auto","background-attachment":"scroll","background-type":"","background-media":"","overlay-type":"","overlay-color":"","overlay-opacity":"","overlay-gradient":""},"mobile":{"background-color":"","background-image":"","background-repeat":"repeat","background-position":"center center","background-size":"auto","background-attachment":"scroll","background-type":"","background-media":"","overlay-type":"","overlay-color":"","overlay-opacity":"","overlay-gradient":""}},"ast-content-background-meta":{"desktop":{"background-color":"var(--ast-global-color-5)","background-image":"","background-repeat":"repeat","background-position":"center center","background-size":"auto","background-attachment":"scroll","background-type":"","background-media":"","overlay-type":"","overlay-color":"","overlay-opacity":"","overlay-gradient":""},"tablet":{"background-color":"var(--ast-global-color-5)","background-image":"","background-repeat":"repeat","background-position":"center center","background-size":"auto","background-attachment":"scroll","background-type":"","background-media":"","overlay-type":"","overlay-color":"","overlay-opacity":"","overlay-gradient":""},"mobile":{"background-color":"var(--ast-global-color-5)","background-image":"","background-repeat":"repeat","background-position":"center center","background-size":"auto","background-attachment":"scroll","background-type":"","background-media":"","overlay-type":"","overlay-color":"","overlay-opacity":"","overlay-gradient":""}},"footnotes":""},"class_list":["post-3372","page","type-page","status-publish","hentry"],"_links":{"self":[{"href":"https:\/\/www.cheval-liberte.com\/adria\/wp-json\/wp\/v2\/pages\/3372","targetHints":{"allow":["GET"]}}],"collection":[{"href":"https:\/\/www.cheval-liberte.com\/adria\/wp-json\/wp\/v2\/pages"}],"about":[{"href":"https:\/\/www.cheval-liberte.com\/adria\/wp-json\/wp\/v2\/types\/page"}],"author":[{"embeddable":true,"href":"https:\/\/www.cheval-liberte.com\/adria\/wp-json\/wp\/v2\/users\/3"}],"replies":[{"embeddable":true,"href":"https:\/\/www.cheval-liberte.com\/adria\/wp-json\/wp\/v2\/comments?post=3372"}],"version-history":[{"count":9,"href":"https:\/\/www.cheval-liberte.com\/adria\/wp-json\/wp\/v2\/pages\/3372\/revisions"}],"predecessor-version":[{"id":3397,"href":"https:\/\/www.cheval-liberte.com\/adria\/wp-json\/wp\/v2\/pages\/3372\/revisions\/3397"}],"wp:attachment":[{"href":"https:\/\/www.cheval-liberte.com\/adria\/wp-json\/wp\/v2\/media?parent=3372"}],"curies":[{"name":"wp","href":"https:\/\/api.w.org\/{rel}","templated":true}]}}