{"id":3076,"date":"2024-11-28T17:31:13","date_gmt":"2024-11-28T17:31:13","guid":{"rendered":"https:\/\/www.cheval-liberte.com\/adria\/?page_id=3076"},"modified":"2024-11-28T17:39:22","modified_gmt":"2024-11-28T17:39:22","slug":"debon-roadster-2000","status":"publish","type":"page","link":"https:\/\/www.cheval-liberte.com\/adria\/prikolice_in_kiperji\/debon-box-prikolice\/debon-roadster-2000\/","title":{"rendered":"Debon Roadster 2000"},"content":{"rendered":"\t\t<div data-elementor-type=\"wp-page\" data-elementor-id=\"3076\" class=\"elementor elementor-3076\" data-elementor-post-type=\"page\">\n\t\t\t\t\t\t<section class=\"elementor-section elementor-top-section elementor-element elementor-element-79d0c87f elementor-section-height-min-height elementor-section-items-stretch elementor-section-content-middle elementor-section-boxed elementor-section-height-default\" data-id=\"79d0c87f\" data-element_type=\"section\" data-settings=\"{&quot;background_background&quot;:&quot;classic&quot;}\">\n\t\t\t\t\t\t\t<div class=\"elementor-background-overlay\"><\/div>\n\t\t\t\t\t\t\t<div class=\"elementor-container elementor-column-gap-default\">\n\t\t\t\t\t<div class=\"elementor-column elementor-col-100 elementor-top-column elementor-element elementor-element-79253c31\" data-id=\"79253c31\" data-element_type=\"column\">\n\t\t\t<div class=\"elementor-widget-wrap elementor-element-populated\">\n\t\t\t\t\t\t<div class=\"elementor-element elementor-element-530189a3 elementor-widget elementor-widget-heading\" data-id=\"530189a3\" data-element_type=\"widget\" data-widget_type=\"heading.default\">\n\t\t\t\t<div class=\"elementor-widget-container\">\n\t\t\t<h2 class=\"elementor-heading-title elementor-size-default\">Debon<\/h2>\t\t<\/div>\n\t\t\t\t<\/div>\n\t\t\t\t<div class=\"elementor-element elementor-element-3a23ea5e elementor-widget elementor-widget-heading\" data-id=\"3a23ea5e\" data-element_type=\"widget\" data-widget_type=\"heading.default\">\n\t\t\t\t<div class=\"elementor-widget-container\">\n\t\t\t<h1 class=\"elementor-heading-title elementor-size-default\">Roadster 2000<\/h1>\t\t<\/div>\n\t\t\t\t<\/div>\n\t\t\t\t<div class=\"elementor-element elementor-element-c059cc9 elementor-widget elementor-widget-heading\" data-id=\"c059cc9\" data-element_type=\"widget\" data-widget_type=\"heading.default\">\n\t\t\t\t<div class=\"elementor-widget-container\">\n\t\t\t<h3 class=\"elementor-heading-title elementor-size-default\">\u017de od 18.024,59 \u20ac <\/h3>\t\t<\/div>\n\t\t\t\t<\/div>\n\t\t\t\t\t<\/div>\n\t\t<\/div>\n\t\t\t\t\t<\/div>\n\t\t<\/section>\n\t\t\t\t<section class=\"elementor-section elementor-top-section elementor-element elementor-element-50480db3 elementor-section-boxed elementor-section-height-default elementor-section-height-default\" data-id=\"50480db3\" data-element_type=\"section\">\n\t\t\t\t\t\t<div class=\"elementor-container elementor-column-gap-default\">\n\t\t\t\t\t<div class=\"elementor-column elementor-col-50 elementor-top-column elementor-element elementor-element-50d7df0\" data-id=\"50d7df0\" data-element_type=\"column\">\n\t\t\t<div class=\"elementor-widget-wrap elementor-element-populated\">\n\t\t\t\t\t\t<div class=\"elementor-element elementor-element-5209dbb8 elementor-widget elementor-widget-spacer\" data-id=\"5209dbb8\" data-element_type=\"widget\" data-widget_type=\"spacer.default\">\n\t\t\t\t<div class=\"elementor-widget-container\">\n\t\t\t\t\t<div class=\"elementor-spacer\">\n\t\t\t<div class=\"elementor-spacer-inner\"><\/div>\n\t\t<\/div>\n\t\t\t\t<\/div>\n\t\t\t\t<\/div>\n\t\t\t\t<div class=\"elementor-element elementor-element-5a3e577d elementor-widget elementor-widget-text-editor\" data-id=\"5a3e577d\" data-element_type=\"widget\" data-widget_type=\"text-editor.default\">\n\t\t\t\t<div class=\"elementor-widget-container\">\n\t\t\t\t\t\t\t<p>Pripravite se na leto 2025 z ekskluzivno izdajo Debon Roadster C2000 Enclosed Car Transporter, ki je posebej zasnovana in popolnoma primerna za transportno logistiko, moto\u0161port in re\u0161evanje vozil.<br \/><br \/>Ekskluzivna izdaja Debon Roadster C2000 Enclosed Car Transporter je idealna izbira za prevoz vozil. Vklju\u010duje neprimerljiv sistem vzmetenja Pullman 2, ki omogo\u010da izjemno kakovost vo\u017enje in vleke.<br \/><br \/>Priklopnik ima velika vrata tipa Gullwing na vsaki strani in dodatna stranska vrata za la\u017eji dostop z obeh strani. Nakladanje je \u0161e posebej priro\u010dno za no\u010dne naloge, saj je priklopnik opremljen z notranjim svetlobnim sistemom.<br \/><br \/>S skupno dovoljeno maso 3500 kg in zadnjo odprtino dimenzij 2200 mm (\u0161) x 1900 mm (v) je ta model popolna re\u0161itev za varen prevoz vozil razli\u010dnih velikosti in oblik.<br \/><br \/>Ekskluzivna izdaja Debon Roadster C2000 Enclosed Car Transporter napoveduje nov za\u010detek v prevozu vozil in bo zagotovo spremenila pravila igre v avtomobilski industriji.<\/p>\t\t\t\t\t\t<\/div>\n\t\t\t\t<\/div>\n\t\t\t\t<div class=\"elementor-element elementor-element-4e83df6 elementor-arrows-position-inside elementor-pagination-position-outside elementor-widget elementor-widget-image-carousel\" data-id=\"4e83df6\" data-element_type=\"widget\" data-settings=\"{&quot;slides_to_show&quot;:&quot;3&quot;,&quot;lazyload&quot;:&quot;yes&quot;,&quot;image_spacing_custom&quot;:{&quot;unit&quot;:&quot;px&quot;,&quot;size&quot;:38,&quot;sizes&quot;:[]},&quot;navigation&quot;:&quot;both&quot;,&quot;autoplay&quot;:&quot;yes&quot;,&quot;pause_on_hover&quot;:&quot;yes&quot;,&quot;pause_on_interaction&quot;:&quot;yes&quot;,&quot;autoplay_speed&quot;:5000,&quot;infinite&quot;:&quot;yes&quot;,&quot;speed&quot;:500,&quot;image_spacing_custom_tablet&quot;:{&quot;unit&quot;:&quot;px&quot;,&quot;size&quot;:&quot;&quot;,&quot;sizes&quot;:[]},&quot;image_spacing_custom_mobile&quot;:{&quot;unit&quot;:&quot;px&quot;,&quot;size&quot;:&quot;&quot;,&quot;sizes&quot;:[]}}\" data-widget_type=\"image-carousel.default\">\n\t\t\t\t<div class=\"elementor-widget-container\">\n\t\t\t\t\t<div class=\"elementor-image-carousel-wrapper swiper\" dir=\"ltr\">\n\t\t\t<div class=\"elementor-image-carousel swiper-wrapper\" aria-live=\"off\">\n\t\t\t\t\t\t\t\t<div class=\"swiper-slide\" role=\"group\" aria-roledescription=\"slide\" aria-label=\"1 of 4\"><a data-elementor-open-lightbox=\"yes\" data-elementor-lightbox-slideshow=\"4e83df6\" data-e-action-hash=\"#elementor-action%3Aaction%3Dlightbox%26settings%3DeyJpZCI6MzA4MiwidXJsIjoiaHR0cHM6XC9cL3d3dy5jaGV2YWwtbGliZXJ0ZS5jb21cL2FkcmlhXC93cC1jb250ZW50XC91cGxvYWRzXC8yMDI0XC8xMVwvZGVib24tcm9hZHN0ZXItYzIwMDAtZWRpdGlvbi1vbmUucG5nIiwic2xpZGVzaG93IjoiNGU4M2RmNiJ9\" href=\"https:\/\/www.cheval-liberte.com\/adria\/wp-content\/uploads\/2024\/11\/debon-roadster-c2000-edition-one.png\"><figure class=\"swiper-slide-inner\"><img class=\"swiper-slide-image swiper-lazy\" data-src=\"https:\/\/www.cheval-liberte.com\/adria\/wp-content\/uploads\/2024\/11\/debon-roadster-c2000-edition-one-768x768.png\" alt=\"debon-roadster-c2000-edition-one\" \/><div class=\"swiper-lazy-preloader\"><\/div><\/figure><\/a><\/div><div class=\"swiper-slide\" role=\"group\" aria-roledescription=\"slide\" aria-label=\"2 of 4\"><a data-elementor-open-lightbox=\"yes\" data-elementor-lightbox-slideshow=\"4e83df6\" data-e-action-hash=\"#elementor-action%3Aaction%3Dlightbox%26settings%3DeyJpZCI6MzA4MywidXJsIjoiaHR0cHM6XC9cL3d3dy5jaGV2YWwtbGliZXJ0ZS5jb21cL2FkcmlhXC93cC1jb250ZW50XC91cGxvYWRzXC8yMDI0XC8xMVwvZXlKaWRXTnJaWFFpT2lKa2IyNWxaR1ZoYkM1cFpTMXdhRzkwYjNNaUxDSmxaR2wwY3lJNmV5SjBiMFp2Y20xaGRDSTZJbmRsWW5BaUxDSnlaWE5wZW1VaU9uc2labWwwSWpvaWFXNXphV1JsSWl3aWQybGtkR2dpT2pFeU1EQXNJbWhsYVdkb2RDSTZNVEl3TUgxOUxDSnJaWGtpT2lKd2FHOTBiMTh6TWpNME9UTTJPRGdpZlEud2VicCIsInNsaWRlc2hvdyI6IjRlODNkZjYifQ%3D%3D\" href=\"https:\/\/www.cheval-liberte.com\/adria\/wp-content\/uploads\/2024\/11\/eyJidWNrZXQiOiJkb25lZGVhbC5pZS1waG90b3MiLCJlZGl0cyI6eyJ0b0Zvcm1hdCI6IndlYnAiLCJyZXNpemUiOnsiZml0IjoiaW5zaWRlIiwid2lkdGgiOjEyMDAsImhlaWdodCI6MTIwMH19LCJrZXkiOiJwaG90b18zMjM0OTM2ODgifQ.webp\"><figure class=\"swiper-slide-inner\"><img class=\"swiper-slide-image swiper-lazy\" data-src=\"https:\/\/www.cheval-liberte.com\/adria\/wp-content\/uploads\/2024\/11\/eyJidWNrZXQiOiJkb25lZGVhbC5pZS1waG90b3MiLCJlZGl0cyI6eyJ0b0Zvcm1hdCI6IndlYnAiLCJyZXNpemUiOnsiZml0IjoiaW5zaWRlIiwid2lkdGgiOjEyMDAsImhlaWdodCI6MTIwMH19LCJrZXkiOiJwaG90b18zMjM0OTM2ODgifQ-768x581.webp\" alt=\"eyJidWNrZXQiOiJkb25lZGVhbC5pZS1waG90b3MiLCJlZGl0cyI6eyJ0b0Zvcm1hdCI6IndlYnAiLCJyZXNpemUiOnsiZml0IjoiaW5zaWRlIiwid2lkdGgiOjEyMDAsImhlaWdodCI6MTIwMH19LCJrZXkiOiJwaG90b18zMjM0OTM2ODgifQ==\" \/><div class=\"swiper-lazy-preloader\"><\/div><\/figure><\/a><\/div><div class=\"swiper-slide\" role=\"group\" aria-roledescription=\"slide\" aria-label=\"3 of 4\"><a data-elementor-open-lightbox=\"yes\" data-elementor-lightbox-slideshow=\"4e83df6\" data-e-action-hash=\"#elementor-action%3Aaction%3Dlightbox%26settings%3DeyJpZCI6MzA4NCwidXJsIjoiaHR0cHM6XC9cL3d3dy5jaGV2YWwtbGliZXJ0ZS5jb21cL2FkcmlhXC93cC1jb250ZW50XC91cGxvYWRzXC8yMDI0XC8xMVwvZXlKaWRXTnJaWFFpT2lKa2IyNWxaR1ZoYkM1cFpTMXdhRzkwYjNNaUxDSmxaR2wwY3lJNmV5SjBiMFp2Y20xaGRDSTZJbmRsWW5BaUxDSnlaWE5wZW1VaU9uc2labWwwSWpvaWFXNXphV1JsSWl3aWQybGtkR2dpT2pFeU1EQXNJbWhsYVdkb2RDSTZNVEl3TUgxOUxDSnJaWGtpT2lKd2FHOTBiMTh6TWpNME9UTTJPVEFpZlEud2VicCIsInNsaWRlc2hvdyI6IjRlODNkZjYifQ%3D%3D\" href=\"https:\/\/www.cheval-liberte.com\/adria\/wp-content\/uploads\/2024\/11\/eyJidWNrZXQiOiJkb25lZGVhbC5pZS1waG90b3MiLCJlZGl0cyI6eyJ0b0Zvcm1hdCI6IndlYnAiLCJyZXNpemUiOnsiZml0IjoiaW5zaWRlIiwid2lkdGgiOjEyMDAsImhlaWdodCI6MTIwMH19LCJrZXkiOiJwaG90b18zMjM0OTM2OTAifQ.webp\"><figure class=\"swiper-slide-inner\"><img class=\"swiper-slide-image swiper-lazy\" data-src=\"https:\/\/www.cheval-liberte.com\/adria\/wp-content\/uploads\/2024\/11\/eyJidWNrZXQiOiJkb25lZGVhbC5pZS1waG90b3MiLCJlZGl0cyI6eyJ0b0Zvcm1hdCI6IndlYnAiLCJyZXNpemUiOnsiZml0IjoiaW5zaWRlIiwid2lkdGgiOjEyMDAsImhlaWdodCI6MTIwMH19LCJrZXkiOiJwaG90b18zMjM0OTM2OTAifQ-768x587.webp\" alt=\"eyJidWNrZXQiOiJkb25lZGVhbC5pZS1waG90b3MiLCJlZGl0cyI6eyJ0b0Zvcm1hdCI6IndlYnAiLCJyZXNpemUiOnsiZml0IjoiaW5zaWRlIiwid2lkdGgiOjEyMDAsImhlaWdodCI6MTIwMH19LCJrZXkiOiJwaG90b18zMjM0OTM2OTAifQ==\" \/><div class=\"swiper-lazy-preloader\"><\/div><\/figure><\/a><\/div><div class=\"swiper-slide\" role=\"group\" aria-roledescription=\"slide\" aria-label=\"4 of 4\"><a data-elementor-open-lightbox=\"yes\" data-elementor-lightbox-slideshow=\"4e83df6\" data-e-action-hash=\"#elementor-action%3Aaction%3Dlightbox%26settings%3DeyJpZCI6MzA4NSwidXJsIjoiaHR0cHM6XC9cL3d3dy5jaGV2YWwtbGliZXJ0ZS5jb21cL2FkcmlhXC93cC1jb250ZW50XC91cGxvYWRzXC8yMDI0XC8xMVwvUm9hZHN0ZXIyMDAwLWRlY2hhcmdlbWVudC53ZWJwIiwic2xpZGVzaG93IjoiNGU4M2RmNiJ9\" href=\"https:\/\/www.cheval-liberte.com\/adria\/wp-content\/uploads\/2024\/11\/Roadster2000-dechargement.webp\"><figure class=\"swiper-slide-inner\"><img class=\"swiper-slide-image swiper-lazy\" data-src=\"https:\/\/www.cheval-liberte.com\/adria\/wp-content\/uploads\/2024\/11\/Roadster2000-dechargement-768x511.webp\" alt=\"Roadster2000-dechargement\" \/><div class=\"swiper-lazy-preloader\"><\/div><\/figure><\/a><\/div>\t\t\t<\/div>\n\t\t\t\t\t\t\t\t\t\t\t\t<div class=\"elementor-swiper-button elementor-swiper-button-prev\" role=\"button\" tabindex=\"0\">\n\t\t\t\t\t\t<i aria-hidden=\"true\" class=\"eicon-chevron-left\"><\/i>\t\t\t\t\t<\/div>\n\t\t\t\t\t<div class=\"elementor-swiper-button elementor-swiper-button-next\" role=\"button\" tabindex=\"0\">\n\t\t\t\t\t\t<i aria-hidden=\"true\" class=\"eicon-chevron-right\"><\/i>\t\t\t\t\t<\/div>\n\t\t\t\t\n\t\t\t\t\t\t\t\t\t<div class=\"swiper-pagination\"><\/div>\n\t\t\t\t\t\t\t\t\t<\/div>\n\t\t\t\t<\/div>\n\t\t\t\t<\/div>\n\t\t\t\t<div class=\"elementor-element elementor-element-0c3b4a3 elementor-widget elementor-widget-elementskit-simple-tab\" data-id=\"0c3b4a3\" data-element_type=\"widget\" data-widget_type=\"elementskit-simple-tab.default\">\n\t\t\t\t<div class=\"elementor-widget-container\">\n\t\t\t<div class=\"ekit-wid-con\" >        <div class=\"elementkit-tab-wraper  \">\n            <ul class=\"nav nav-tabs elementkit-tab-nav  elementskit-fullwidth-tab\">\n                                    <li class=\"elementkit-nav-item elementor-repeater-item-cc39acd\">\n                        <a class=\"elementkit-nav-link  active show left-pos\" id=\"content-cc39acd69f156073f657-tab\" data-ekit-handler-id=\"lastnosti\" data-ekit-toggle=\"tab\" data-target=\"#content-cc39acd69f156073f657\" href=\"#Content-cc39acd69f156073f657\"\n                            data-ekit-toggle-trigger=\"click\"\n                            aria-describedby=\"Content-cc39acd69f156073f657\">\n                                                        <span class=\"elementskit-tab-title\"> Lastnosti<\/span>\n                        <\/a>\n                    <\/li>\n                                        <li class=\"elementkit-nav-item elementor-repeater-item-b92bcf5\">\n                        <a class=\"elementkit-nav-link  left-pos\" id=\"content-b92bcf569f156073f657-tab\" data-ekit-handler-id=\"dodatki\" data-ekit-toggle=\"tab\" data-target=\"#content-b92bcf569f156073f657\" href=\"#Content-b92bcf569f156073f657\"\n                            data-ekit-toggle-trigger=\"click\"\n                            aria-describedby=\"Content-b92bcf569f156073f657\">\n                                                        <span class=\"elementskit-tab-title\"> Dodatki<\/span>\n                        <\/a>\n                    <\/li>\n                                        <li class=\"elementkit-nav-item elementor-repeater-item-411a35b\">\n                        <a class=\"elementkit-nav-link  left-pos\" id=\"content-411a35b69f156073f657-tab\" data-ekit-handler-id=\"specifikacije\" data-ekit-toggle=\"tab\" data-target=\"#content-411a35b69f156073f657\" href=\"#Content-411a35b69f156073f657\"\n                            data-ekit-toggle-trigger=\"click\"\n                            aria-describedby=\"Content-411a35b69f156073f657\">\n                                                        <span class=\"elementskit-tab-title\"> Specifikacije<\/span>\n                        <\/a>\n                    <\/li>\n                                <\/ul>\n\n            <div class=\"tab-content elementkit-tab-content\">\n                                    <div class=\"tab-pane elementkit-tab-pane elementor-repeater-item-cc39acd  active show\" id=\"content-cc39acd69f156073f657\" role=\"tabpanel\"\n                         aria-labelledby=\"content-cc39acd69f156073f657-tab\">\n                        <div class=\"animated fadeIn\">\n                            <ul><li>Aluminijasta plati\u0161\u010da<\/li><li>Rezervno kolo s pritrdilnim nosilcem in ALU plati\u0161\u010dem<\/li><li>Elektri\u010dni vitel s kablom<\/li><li>Notranje nakladalne rampe<\/li><li>Sistem zaklepanja zadnje rampe s klju\u010di<\/li><li>LED osvetlitev znotraj in zunaj<\/li><li>Sistem vzmetenja Pullman 2<\/li><li>Ve\u010dnamenska in lahka zasnova<\/li><\/ul>                        <\/div>\n                    <\/div>\n                                    <div class=\"tab-pane elementkit-tab-pane elementor-repeater-item-b92bcf5 \" id=\"content-b92bcf569f156073f657\" role=\"tabpanel\"\n                         aria-labelledby=\"content-b92bcf569f156073f657-tab\">\n                        <div class=\"animated fadeIn\">\n                            <ul><li>Vzmetenje Pullman 2<\/li><li>Aluminijaste stranice<\/li><li>Aluminijasta tla<\/li><li>Zadnja rampa iz aluminija v polni vi\u0161ini<\/li><li>Zagozde za kolesa<\/li><li>Samodejno podporno jockey kolo<\/li><li>Notranja osvetlitev<\/li><li>2 x Gullwing vrata + 2 x stranska vrata<\/li><li>8 rink za privez tovora<\/li><\/ul>                        <\/div>\n                    <\/div>\n                                    <div class=\"tab-pane elementkit-tab-pane elementor-repeater-item-411a35b \" id=\"content-411a35b69f156073f657\" role=\"tabpanel\"\n                         aria-labelledby=\"content-411a35b69f156073f657-tab\">\n                        <div class=\"animated fadeIn\">\n                            <table class=\"table table-bordered\"><tbody><tr><td>\u0160tevilo osi<\/td><td>2<\/td><\/tr><tr><td>Zunanje dimenzije Dx\u0160xV<\/td><td>6750 x 2530 x 2480 mm<\/td><\/tr><tr><td>Notranje dimenzije Dx\u0160xV<\/td><td>5500 x 2200 x 2045 mm<\/td><\/tr><tr><td>Te\u017ea prazne prikolice<\/td><td>1300 kg<\/td><\/tr><tr><td>NDM<\/td><td>3500 kg<\/td><\/tr><tr><td>Velikost koles<\/td><td>155\/70R12C<\/td><\/tr><\/tbody><\/table><p>*Podatki so okvirni in lahko odstoajo +\/-<\/p>                        <\/div>\n                    <\/div>\n                                \n            <\/div>\n                    <\/div>\n    <\/div>\t\t<\/div>\n\t\t\t\t<\/div>\n\t\t\t\t\t<\/div>\n\t\t<\/div>\n\t\t\t\t<div class=\"elementor-column elementor-col-50 elementor-top-column elementor-element elementor-element-48fc7cbd\" data-id=\"48fc7cbd\" data-element_type=\"column\">\n\t\t\t<div class=\"elementor-widget-wrap elementor-element-populated\">\n\t\t\t\t\t\t<section class=\"elementor-section elementor-inner-section elementor-element elementor-element-782ab90b elementor-section-boxed elementor-section-height-default elementor-section-height-default\" data-id=\"782ab90b\" data-element_type=\"section\">\n\t\t\t\t\t\t<div class=\"elementor-container elementor-column-gap-default\">\n\t\t\t\t\t<div class=\"elementor-column elementor-col-100 elementor-inner-column elementor-element elementor-element-35ab7bb\" data-id=\"35ab7bb\" data-element_type=\"column\" data-settings=\"{&quot;background_background&quot;:&quot;classic&quot;}\">\n\t\t\t<div class=\"elementor-widget-wrap elementor-element-populated\">\n\t\t\t\t\t\t<div class=\"elementor-element elementor-element-60232361 elementor-widget elementor-widget-heading\" data-id=\"60232361\" data-element_type=\"widget\" data-widget_type=\"heading.default\">\n\t\t\t\t<div class=\"elementor-widget-container\">\n\t\t\t<h4 class=\"elementor-heading-title elementor-size-default\">Cenik<\/h4>\t\t<\/div>\n\t\t\t\t<\/div>\n\t\t\t\t<div class=\"elementor-element elementor-element-17832260 elementor-widget-divider--view-line elementor-widget elementor-widget-divider\" data-id=\"17832260\" data-element_type=\"widget\" data-widget_type=\"divider.default\">\n\t\t\t\t<div class=\"elementor-widget-container\">\n\t\t\t\t\t<div class=\"elementor-divider\">\n\t\t\t<span class=\"elementor-divider-separator\">\n\t\t\t\t\t\t<\/span>\n\t\t<\/div>\n\t\t\t\t<\/div>\n\t\t\t\t<\/div>\n\t\t\t\t<div class=\"elementor-element elementor-element-bc25861 elementor-widget elementor-widget-price-list\" data-id=\"bc25861\" data-element_type=\"widget\" data-widget_type=\"price-list.default\">\n\t\t\t\t<div class=\"elementor-widget-container\">\n\t\t\t\n\t\t<ul class=\"elementor-price-list\">\n\n\t\t\t\t\t\t\t\t\t<li><a class=\"elementor-price-list-item\" href=\"#\">\t\t\t\t\n\t\t\t\t<div class=\"elementor-price-list-text\">\n\t\t\t\t\t\t\t\t\t<div class=\"elementor-price-list-header\">\n\t\t\t\t\t\t\t\t\t\t\t<span class=\"elementor-price-list-title\">\n\t\t\t\t\t\t\tCena\t\t\t\t\t\t<\/span>\n\t\t\t\t\t\t\t\t\t\t\t\t\t\t\t\t\t\t<span class=\"elementor-price-list-separator\"><\/span>\n\t\t\t\t\t\t\t\t\t\t\t\t\t\t\t\t\t\t\t<span class=\"elementor-price-list-price\">od 18.024,59 \u20ac <\/span>\n\t\t\t\t\t\t\t\t\t\t<\/div>\n\t\t\t\t\t\t\t\t\t\t\t\t<\/div>\n\t\t\t\t<\/a><\/li>\t\t\t\t\t\n\t\t<\/ul>\n\n\t\t\t\t<\/div>\n\t\t\t\t<\/div>\n\t\t\t\t<div class=\"elementor-element elementor-element-0fef953 elementor-widget elementor-widget-heading\" data-id=\"0fef953\" data-element_type=\"widget\" data-widget_type=\"heading.default\">\n\t\t\t\t<div class=\"elementor-widget-container\">\n\t\t\t<span class=\"elementor-heading-title elementor-size-default\">Cene ne vsebuje DDV-ja.<\/span>\t\t<\/div>\n\t\t\t\t<\/div>\n\t\t\t\t\t<\/div>\n\t\t<\/div>\n\t\t\t\t\t<\/div>\n\t\t<\/section>\n\t\t\t\t<div class=\"elementor-element elementor-element-798809b5 elementor-widget elementor-widget-spacer\" data-id=\"798809b5\" data-element_type=\"widget\" data-widget_type=\"spacer.default\">\n\t\t\t\t<div class=\"elementor-widget-container\">\n\t\t\t\t\t<div class=\"elementor-spacer\">\n\t\t\t<div class=\"elementor-spacer-inner\"><\/div>\n\t\t<\/div>\n\t\t\t\t<\/div>\n\t\t\t\t<\/div>\n\t\t\t\t<section class=\"elementor-section elementor-inner-section elementor-element elementor-element-6dc7e71f elementor-section-boxed elementor-section-height-default elementor-section-height-default\" data-id=\"6dc7e71f\" data-element_type=\"section\">\n\t\t\t\t\t\t<div class=\"elementor-container elementor-column-gap-default\">\n\t\t\t\t\t<div class=\"elementor-column elementor-col-100 elementor-inner-column elementor-element elementor-element-28b488c3\" data-id=\"28b488c3\" data-element_type=\"column\" data-settings=\"{&quot;background_background&quot;:&quot;classic&quot;}\">\n\t\t\t<div class=\"elementor-widget-wrap elementor-element-populated\">\n\t\t\t\t\t<div class=\"elementor-background-overlay\"><\/div>\n\t\t\t\t\t\t<div class=\"elementor-element elementor-element-ccc4492 elementor-widget elementor-widget-global elementor-global-163 elementor-widget-heading\" data-id=\"ccc4492\" data-element_type=\"widget\" data-widget_type=\"heading.default\">\n\t\t\t\t<div class=\"elementor-widget-container\">\n\t\t\t<h3 class=\"elementor-heading-title elementor-size-default\">Pridobite ponudbo<\/h3>\t\t<\/div>\n\t\t\t\t<\/div>\n\t\t\t\t<div class=\"elementor-element elementor-element-94f6a0e elementor-widget elementor-widget-global elementor-global-166 elementor-widget-heading\" data-id=\"94f6a0e\" data-element_type=\"widget\" data-widget_type=\"heading.default\">\n\t\t\t\t<div class=\"elementor-widget-container\">\n\t\t\t<h3 class=\"elementor-heading-title elementor-size-default\">za va\u0161o novo prikolico!<\/h3>\t\t<\/div>\n\t\t\t\t<\/div>\n\t\t\t\t<div class=\"elementor-element elementor-element-8056729 elementor-align-left elementor-widget elementor-widget-global elementor-global-160 elementor-widget-button\" data-id=\"8056729\" data-element_type=\"widget\" data-widget_type=\"button.default\">\n\t\t\t\t<div class=\"elementor-widget-container\">\n\t\t\t\t\t\t\t<div class=\"elementor-button-wrapper\">\n\t\t\t\t\t<a class=\"elementor-button elementor-button-link elementor-size-lg\" href=\"https:\/\/www.cheval-liberte.com\/adria\/prikolice_in_kiperji\/kontakt\/\">\n\t\t\t\t\t\t<span class=\"elementor-button-content-wrapper\">\n\t\t\t\t\t\t<span class=\"elementor-button-icon\">\n\t\t\t\t<i aria-hidden=\"true\" class=\"icon icon-chevron-right\"><\/i>\t\t\t<\/span>\n\t\t\t\t\t\t\t\t\t<span class=\"elementor-button-text\">Pi\u0161ite nam<\/span>\n\t\t\t\t\t<\/span>\n\t\t\t\t\t<\/a>\n\t\t\t\t<\/div>\n\t\t\t\t\t\t<\/div>\n\t\t\t\t<\/div>\n\t\t\t\t\t<\/div>\n\t\t<\/div>\n\t\t\t\t\t<\/div>\n\t\t<\/section>\n\t\t\t\t<div class=\"elementor-element elementor-element-5e1ff7f7 elementor-widget elementor-widget-spacer\" data-id=\"5e1ff7f7\" data-element_type=\"widget\" data-widget_type=\"spacer.default\">\n\t\t\t\t<div class=\"elementor-widget-container\">\n\t\t\t\t\t<div class=\"elementor-spacer\">\n\t\t\t<div class=\"elementor-spacer-inner\"><\/div>\n\t\t<\/div>\n\t\t\t\t<\/div>\n\t\t\t\t<\/div>\n\t\t\t\t\t<\/div>\n\t\t<\/div>\n\t\t\t\t\t<\/div>\n\t\t<\/section>\n\t\t\t\t<\/div>\n\t\t","protected":false},"excerpt":{"rendered":"<p>Debon Roadster 2000 \u017de od 18.024,59 \u20ac Pripravite se na leto 2025 z ekskluzivno izdajo Debon Roadster C2000 Enclosed Car Transporter, ki je posebej zasnovana in popolnoma primerna za transportno logistiko, moto\u0161port in re\u0161evanje vozil. Ekskluzivna izdaja Debon Roadster C2000 Enclosed Car Transporter je idealna izbira za prevoz vozil. Vklju\u010duje neprimerljiv sistem vzmetenja Pullman 2, [&hellip;]<\/p>\n","protected":false},"author":3,"featured_media":0,"parent":120,"menu_order":0,"comment_status":"closed","ping_status":"closed","template":"elementor_header_footer","meta":{"site-sidebar-layout":"no-sidebar","site-content-layout":"page-builder","ast-site-content-layout":"full-width-container","site-content-style":"unboxed","site-sidebar-style":"unboxed","ast-global-header-display":"","ast-banner-title-visibility":"","ast-main-header-display":"","ast-hfb-above-header-display":"","ast-hfb-below-header-display":"","ast-hfb-mobile-header-display":"","site-post-title":"disabled","ast-breadcrumbs-content":"","ast-featured-img":"disabled","footer-sml-layout":"","theme-transparent-header-meta":"default","adv-header-id-meta":"","stick-header-meta":"","header-above-stick-meta":"","header-main-stick-meta":"","header-below-stick-meta":"","astra-migrate-meta-layouts":"set","ast-page-background-enabled":"default","ast-page-background-meta":{"desktop":{"background-color":"var(--ast-global-color-4)","background-image":"","background-repeat":"repeat","background-position":"center center","background-size":"auto","background-attachment":"scroll","background-type":"","background-media":"","overlay-type":"","overlay-color":"","overlay-opacity":"","overlay-gradient":""},"tablet":{"background-color":"","background-image":"","background-repeat":"repeat","background-position":"center center","background-size":"auto","background-attachment":"scroll","background-type":"","background-media":"","overlay-type":"","overlay-color":"","overlay-opacity":"","overlay-gradient":""},"mobile":{"background-color":"","background-image":"","background-repeat":"repeat","background-position":"center center","background-size":"auto","background-attachment":"scroll","background-type":"","background-media":"","overlay-type":"","overlay-color":"","overlay-opacity":"","overlay-gradient":""}},"ast-content-background-meta":{"desktop":{"background-color":"var(--ast-global-color-5)","background-image":"","background-repeat":"repeat","background-position":"center center","background-size":"auto","background-attachment":"scroll","background-type":"","background-media":"","overlay-type":"","overlay-color":"","overlay-opacity":"","overlay-gradient":""},"tablet":{"background-color":"var(--ast-global-color-5)","background-image":"","background-repeat":"repeat","background-position":"center center","background-size":"auto","background-attachment":"scroll","background-type":"","background-media":"","overlay-type":"","overlay-color":"","overlay-opacity":"","overlay-gradient":""},"mobile":{"background-color":"var(--ast-global-color-5)","background-image":"","background-repeat":"repeat","background-position":"center center","background-size":"auto","background-attachment":"scroll","background-type":"","background-media":"","overlay-type":"","overlay-color":"","overlay-opacity":"","overlay-gradient":""}},"footnotes":""},"class_list":["post-3076","page","type-page","status-publish","hentry"],"_links":{"self":[{"href":"https:\/\/www.cheval-liberte.com\/adria\/wp-json\/wp\/v2\/pages\/3076","targetHints":{"allow":["GET"]}}],"collection":[{"href":"https:\/\/www.cheval-liberte.com\/adria\/wp-json\/wp\/v2\/pages"}],"about":[{"href":"https:\/\/www.cheval-liberte.com\/adria\/wp-json\/wp\/v2\/types\/page"}],"author":[{"embeddable":true,"href":"https:\/\/www.cheval-liberte.com\/adria\/wp-json\/wp\/v2\/users\/3"}],"replies":[{"embeddable":true,"href":"https:\/\/www.cheval-liberte.com\/adria\/wp-json\/wp\/v2\/comments?post=3076"}],"version-history":[{"count":7,"href":"https:\/\/www.cheval-liberte.com\/adria\/wp-json\/wp\/v2\/pages\/3076\/revisions"}],"predecessor-version":[{"id":3088,"href":"https:\/\/www.cheval-liberte.com\/adria\/wp-json\/wp\/v2\/pages\/3076\/revisions\/3088"}],"up":[{"embeddable":true,"href":"https:\/\/www.cheval-liberte.com\/adria\/wp-json\/wp\/v2\/pages\/120"}],"wp:attachment":[{"href":"https:\/\/www.cheval-liberte.com\/adria\/wp-json\/wp\/v2\/media?parent=3076"}],"curies":[{"name":"wp","href":"https:\/\/api.w.org\/{rel}","templated":true}]}}